{"id":389,"date":"2024-12-09T14:06:20","date_gmt":"2024-12-09T01:06:20","guid":{"rendered":"https:\/\/www.themapofmeaning.org\/?page_id=389"},"modified":"2026-04-08T14:29:40","modified_gmt":"2026-04-08T02:29:40","slug":"why-a-map","status":"publish","type":"page","link":"https:\/\/www.themapofmeaning.org\/nl\/why-a-map\/","title":{"rendered":"Waarom een Map?"},"content":{"rendered":"<section class=\"bde-section-389-309 bde-section cont-full\">\n  \n  \n\t\n\n\n\n<div class=\"section-container\"><img decoding=\"async\" class=\"bde-image2-389-359 bde-image2\" src=\"https:\/\/www.themapofmeaning.org\/wp-content\/uploads\/2025\/04\/MAP_OF_MEANING_GRAPHIC_COPYRIGHT.png\" loading=\"lazy\" srcset=\"https:\/\/www.themapofmeaning.org\/wp-content\/uploads\/2025\/04\/MAP_OF_MEANING_GRAPHIC_COPYRIGHT.png 2560w, https:\/\/www.themapofmeaning.org\/wp-content\/uploads\/2025\/04\/MAP_OF_MEANING_GRAPHIC_COPYRIGHT-300x280.png 300w, https:\/\/www.themapofmeaning.org\/wp-content\/uploads\/2025\/04\/MAP_OF_MEANING_GRAPHIC_COPYRIGHT-1024x955.png 1024w, https:\/\/www.themapofmeaning.org\/wp-content\/uploads\/2025\/04\/MAP_OF_MEANING_GRAPHIC_COPYRIGHT-768x716.png 768w, https:\/\/www.themapofmeaning.org\/wp-content\/uploads\/2025\/04\/MAP_OF_MEANING_GRAPHIC_COPYRIGHT-1536x1433.png 1536w\" sizes=\"(max-width: 2560px) 100vw, 2560px\"><h3 class=\"bde-heading-389-312 bde-heading\">\nWhy do I need the Map of Meaning\u00ae?\n<\/h3><div class=\"bde-div-389-310 bde-div\">\n  \n  \n\t\n\n\n\n<p class=\"bde-text-389-313 bde-text\">\nAls zingeving net zo natuurlijk is als ademhalen, waarom heb je dan een Map nodig?\n<\/p>\n<\/div><div class=\"bde-grid-389-314 bde-grid\">\n  \n  \n\t\n\n\n\n<div class=\"bde-div-389-315 bde-div\">\n  \n  \n\t\n\n\n\n<h1 class=\"bde-heading-389-316 bde-heading\">\n01\n<\/h1><h6 class=\"bde-heading-389-317 bde-heading\">\nDe Map helpt ons te vragen \u00e9n te beantwoorden: wat moet ik vandaag of deze week doen om meer zin te ervaren?\n<\/h6><p class=\"bde-text-389-318 bde-text\">\nOm zinvolle actie te ondernemen, moet je de grote vraag \u2018waarom leef ik?\u2019 vertalen naar wat het dagelijks leven zinvol maakt.\n<\/p>\n<\/div><div class=\"bde-div-389-319 bde-div\">\n  \n  \n\t\n\n\n\n<h1 class=\"bde-heading-389-320 bde-heading\">\n02\n<\/h1><h6 class=\"bde-heading-389-321 bde-heading\">\nDe Map laat duidelijk zien dat zingeving meer dimensies heeft en hoe deze zich tot elkaar verhouden.\n<\/h6><p class=\"bde-text-389-322 bde-text\">\nOm te weten of je te weinig betekenis ervaart, en of je je bijvoorbeeld te veel richt op \u00e9\u00e9n dimensie (zoals anderen van dienst zijn) wat ten koste gaat van een andere dimensie (zoals alles uit jezelf halen) moet je eerst weten wat zingeving precies inhoudt.\n<\/p>\n<\/div><div class=\"bde-div-389-323 bde-div\">\n  \n  \n\t\n\n\n\n<h1 class=\"bde-heading-389-324 bde-heading\">\n03\n<\/h1><h6 class=\"bde-heading-389-325 bde-heading\">\nDe Map is een eenvoudige manier om in verbinding te blijven met wat er voor ons het meest toe doet.\n<\/h6><p class=\"bde-text-389-326 bde-text\">\nZingeving zichtbaar en toepasbaar maken is niet eenvoudig. Het komt en gaat, is vaak rommelig en moeilijk onder woorden te brengen. Of het nu op het werk of in ons priv\u00e9leven is \u2014 we worden vaak afgeleid van datgene wat voor ons het meest zinvol is. \n<\/p>\n<\/div><div class=\"bde-div-389-327 bde-div\">\n  \n  \n\t\n\n\n\n<h1 class=\"bde-heading-389-328 bde-heading\">\n04\n<\/h1><h6 class=\"bde-heading-389-329 bde-heading\">\nDe Map stelt ons in staat om het komen en gaan van zingeving tijdig en constructief waar te nemen en ermee te werken\n<\/h6><p class=\"bde-text-389-330 bde-text\">\nEnerzijds zijn de wegen waarlangs mensen zin geven \u2014 zoals \u2018een zijn met anderen\u2019 \u2014 universeel en tijdloos. Anderzijds varieert het per persoon wat als meer of minder zinvol in elk van de dimensies op een bepaald moment wordt ervaren.\n<\/p>\n<\/div><div class=\"bde-div-389-331 bde-div\">\n  \n  \n\t\n\n\n\n<h1 class=\"bde-heading-389-332 bde-heading\">\n05\n<\/h1><h6 class=\"bde-heading-389-333 bde-heading\">\nDe Map helpt je herkennen wat zinvol of zinloos is.\n<\/h6><p class=\"bde-text-389-334 bde-text\">\nHet verliezen van zingeving vertaalt zich vaak in onrust. We hebben een behoefte aan zinvolle ervaringen, maar soms twijfelen we aan het ons gevoel of relaties, werk of sociale activiteiten nog zinvol zijn? En, hoe weten anderen of wat zij zeggen of doen zinvol of juist zinloos is voor ons? De Map helpt ons om snel te checken of juist dieper te onderzoeken wat op dit moment zinvol is, zelf of met anderen.\n<\/p>\n<\/div><div class=\"bde-div-389-335 bde-div\">\n  \n  \n\t\n\n\n\n<h1 class=\"bde-heading-389-336 bde-heading\">\n06\n<\/h1><h6 class=\"bde-heading-389-337 bde-heading\">\nDe Map maakt het mogelijk om zingeving op een neutrale manier met anderen te bespreken.\n<\/h6><p class=\"bde-text-389-338 bde-text\">\nWanneer je grip krijgt op zingeving, helpt de Map je om dit open en veilig te bespreken met anderen. Dit vergemakkelijkt zinvolle actie te ondernemen voor jezelf en met anderen.\n<\/p>\n<\/div><div class=\"bde-div-389-339 bde-div\">\n  \n  \n\t\n\n\n\n<h1 class=\"bde-heading-389-340 bde-heading\">\n07\n<\/h1><h6 class=\"bde-heading-389-341 bde-heading\">\nDe Map maakt het gesprek over zingeving veilig en versterkt het onderlinge begrip en de connectie.\n<\/h6><p class=\"bde-text-389-342 bde-text\">\nBetekenis is subjectief, en daarom wordt dit vaak als een argument gebruikt om niet over zingeving te praten; ze zeggen dat het te priv\u00e9 is. Maar de Map laat zien dat we zingeving delen, ook al ervaren we dit op een verschillende manier. Zo kan de \u00e9\u00e9n een gevoel van verbondenheid ervaren als iedereen tijdens de vrijdagmiddagborrel aanwezig is, terwijl een ander een diep gesprek met een collega zeer zinvol vindt. <br>\n<\/p>\n<\/div>\n<\/div><div class=\"bde-button-389-357 bde-button\">\n    \n                                    \n    \n    \n    \n    \n            \n                    \n            \n            \n\n    \n    \n    \n    \n    \n    <a class=\"breakdance-link button-atom button-atom--primary bde-button__button\" href=\"https:\/\/www.themapofmeaning.org\/nl\/public-courses\/\" target=\"_self\" data-type=\"url\"  >\n\n    \n        <span class=\"button-atom__text\">Discover the Map for Yourself.<\/span>\n\n        \n        \n                <\/a>\n\n    \n\n\n<\/div><div class=\"bde-button-389-358 bde-button\">\n    \n                                    \n    \n    \n    \n    \n            \n                    \n            \n            \n\n    \n    \n    \n    \n    \n    <a class=\"breakdance-link button-atom button-atom--primary bde-button__button\" href=\"https:\/\/www.themapofmeaning.org\/nl\/professional-training\/\" target=\"_self\" data-type=\"url\"  >\n\n    \n        <span class=\"button-atom__text\">Find out how to become a Practitioner of the Map<\/span>\n\n        \n        \n                <\/a>\n\n    \n\n\n<\/div><div class=\"bde-button-389-308 bde-button\">\n    \n                                    \n    \n    \n    \n    \n            \n                    \n            \n            \n\n    \n    \n    \n    \n    \n    <a class=\"breakdance-link button-atom button-atom--primary bde-button__button\" href=\"https:\/\/www.themapofmeaning.org\/nl\/what-can-i-do-with-the-map-of-meaning\/\" target=\"_self\" data-type=\"url\"  >\n\n    \n        <span class=\"button-atom__text\">Read What Users Had to Say about the Map!<\/span>\n\n        \n        \n                <\/a>\n\n    \n\n\n<\/div><\/div>\n<\/section><section class=\"bde-section-389-262 bde-section cont-full\">\n  \n  \n\t\n\n\n\n<div class=\"section-container\"><div class=\"bde-columns-389-292 bde-columns\"><div class=\"bde-column-389-294 bde-column\">\n  \n  \n\t\n\n\n\n<h2 class=\"bde-heading-389-266 bde-heading\">\n<br>Rooted in rigorous research into real people\u2019s lives and experiences- the Map of Meaning\u00ae is not a theory or a tool. It is a compass that helps to make meaning visible and direct (collective) decisions and action.\n<\/h2><h3 class=\"bde-heading-389-343 bde-heading\">\nWat ons onderzoek heeft aangetoond...\n<\/h3><div class=\"bde-div-389-269 bde-div\">\n  \n  \n\t\n\n\n\n<div class=\"bde-icon-389-297 bde-icon\">\n\n    \n            <div class=\"bde-icon-icon breakdance-icon-atom\" >\n    \n                    <svg xmlns=\"http:\/\/www.w3.org\/2000\/svg\" viewbox=\"0 0 576 512\"><!--! Font Awesome Free 6.5.1 by @fontawesome - https:\/\/fontawesome.com License - https:\/\/fontawesome.com\/license\/free (Icons: CC BY 4.0, Fonts: SIL OFL 1.1, Code: MIT License) Copyright 2023 Fonticons, Inc. --><path d=\"M208 80c0-26.5 21.5-48 48-48h64c26.5 0 48 21.5 48 48v64c0 26.5-21.5 48-48 48h-8v40H464c30.9 0 56 25.1 56 56v32h8c26.5 0 48 21.5 48 48v64c0 26.5-21.5 48-48 48H464c-26.5 0-48-21.5-48-48V368c0-26.5 21.5-48 48-48h8V288c0-4.4-3.6-8-8-8H312v40h8c26.5 0 48 21.5 48 48v64c0 26.5-21.5 48-48 48H256c-26.5 0-48-21.5-48-48V368c0-26.5 21.5-48 48-48h8V280H112c-4.4 0-8 3.6-8 8v32h8c26.5 0 48 21.5 48 48v64c0 26.5-21.5 48-48 48H48c-26.5 0-48-21.5-48-48V368c0-26.5 21.5-48 48-48h8V288c0-30.9 25.1-56 56-56H264V192h-8c-26.5 0-48-21.5-48-48V80z\"\/><\/svg>\n        \n        \n        \n            <\/div>\n    \n\n\n<\/div><div class=\"bde-div-389-271 bde-div\">\n  \n  \n\t\n\n\n\n<div class=\"bde-div-389-272 bde-div\">\n  \n  \n\t\n\n\n\n<h1 class=\"bde-heading-389-273 bde-heading\">\nVier paden naar zingeving\n<\/h1><div class=\"bde-text-389-274 bde-text\">\n01\n<\/div>\n<\/div><p class=\"bde-text-389-275 bde-text\">\nIn ons onderzoek identificeerden we vier kwadranten waarin mensen zingeving vinden: Oprecht naar jezelf, Een zijn met anderen, Alles van jezelf inzetten en Anderen van dienst zijn. Mensen ervaren meer zingeving wanneer zij door de tijd heen voldoening vinden in deze vier dimensies, die hun behoeften vervullen.\n<\/p><div class=\"bde-button-389-295 bde-button\">\n    \n                        \n                        \n    \n    \n    \n    \n            \n                    \n            \n            \n\n    \n    \n    \n    \n    \n    <a class=\"breakdance-link button-atom button-atom--secondary bde-button__button\" href=\"https:\/\/www.themapofmeaning.org\/nl\/four-pathways-to-meaning\/\" target=\"_self\" data-type=\"url\"  >\n\n    \n        <span class=\"button-atom__text\">Leer meer<\/span>\n\n        \n        \n                <\/a>\n\n    \n\n\n<\/div>\n<\/div>\n<\/div><div class=\"bde-fancy-divider-389-276 bde-fancy-divider\">\n\n\n<div class=\"bde-fancy-divider__wrapper\">\n  <div class=\"bde-fancy-divider__separator\">\n  \t  <\/div>\n<\/div>\n\n<\/div><div class=\"bde-div-389-277 bde-div\">\n  \n  \n\t\n\n\n\n<div class=\"bde-icon-389-298 bde-icon\">\n\n    \n            <div class=\"bde-icon-icon breakdance-icon-atom\" >\n    \n                    <svg xmlns=\"http:\/\/www.w3.org\/2000\/svg\" viewbox=\"0 0 640 512\"><!--! Font Awesome Free 6.5.1 by @fontawesome - https:\/\/fontawesome.com License - https:\/\/fontawesome.com\/license\/free (Icons: CC BY 4.0, Fonts: SIL OFL 1.1, Code: MIT License) Copyright 2023 Fonticons, Inc. --><path d=\"M384 32H512c17.7 0 32 14.3 32 32s-14.3 32-32 32H398.4c-5.2 25.8-22.9 47.1-46.4 57.3V448H512c17.7 0 32 14.3 32 32s-14.3 32-32 32H320 128c-17.7 0-32-14.3-32-32s14.3-32 32-32H288V153.3c-23.5-10.3-41.2-31.6-46.4-57.3H128c-17.7 0-32-14.3-32-32s14.3-32 32-32H256c14.6-19.4 37.8-32 64-32s49.4 12.6 64 32zm55.6 288H584.4L512 195.8 439.6 320zM512 416c-62.9 0-115.2-34-126-78.9c-2.6-11 1-22.3 6.7-32.1l95.2-163.2c5-8.6 14.2-13.8 24.1-13.8s19.1 5.3 24.1 13.8l95.2 163.2c5.7 9.8 9.3 21.1 6.7 32.1C627.2 382 574.9 416 512 416zM126.8 195.8L54.4 320H199.3L126.8 195.8zM.9 337.1c-2.6-11 1-22.3 6.7-32.1l95.2-163.2c5-8.6 14.2-13.8 24.1-13.8s19.1 5.3 24.1 13.8l95.2 163.2c5.7 9.8 9.3 21.1 6.7 32.1C242 382 189.7 416 126.8 416S11.7 382 .9 337.1z\"\/><\/svg>\n        \n        \n        \n            <\/div>\n    \n\n\n<\/div><div class=\"bde-div-389-279 bde-div\">\n  \n  \n\t\n\n\n\n<div class=\"bde-div-389-280 bde-div\">\n  \n  \n\t\n\n\n\n<h1 class=\"bde-heading-389-281 bde-heading\">\nHet balanceren van de alledaagse spanningen\n<\/h1><div class=\"bde-text-389-282 bde-text\">\n02\n<\/div>\n<\/div><p class=\"bde-text-389-283 bde-text\">\nOns onderzoek laat tussen de vier kwadranten twee spanningen zien die van invloed zijn op zingeving: tussen zijn en doen en tussen zelf en de ander. Als gevolg van deze spanningen kan het zijn dat er een te sterke focus ontstaat op \u00e9\u00e9n van de vier kwadranten waardoor het evenwicht en daarmee zingeving verloren gaan.\n<\/p><div class=\"bde-button-389-296 bde-button\">\n    \n                        \n                        \n    \n    \n    \n    \n            \n                    \n            \n            \n\n    \n    \n    \n    \n    \n    <a class=\"breakdance-link button-atom button-atom--secondary bde-button__button\" href=\"https:\/\/www.themapofmeaning.org\/nl\/balancing-every-day-tensions\/\" target=\"_self\" data-type=\"url\"  >\n\n    \n        <span class=\"button-atom__text\">Leer meer<\/span>\n\n        \n        \n                <\/a>\n\n    \n\n\n<\/div>\n<\/div>\n<\/div><div class=\"bde-fancy-divider-389-284 bde-fancy-divider\">\n\n\n<div class=\"bde-fancy-divider__wrapper\">\n  <div class=\"bde-fancy-divider__separator\">\n  \t  <\/div>\n<\/div>\n\n<\/div>\n<\/div><\/div><\/div>\n<\/section><section class=\"bde-section-389-348 bde-section\">\n  \n  \n\t\n\n\n\n<div class=\"section-container\"><div class=\"bde-columns-389-349 bde-columns\"><div class=\"bde-column-389-350 bde-column\">\n  \n  \n\t\n\n\n\n<h2 class=\"bde-heading-389-225 bde-heading\">\nWat kan ik doen met de Map of Meaning?\n<\/h2><div class=\"bde-text-389-236 bde-text\">\nThe benefits of The Map of Meaning\u00aein life, work or organisations assist to:\n<\/div><p class=\"bde-text-389-229 bde-text\">\n1. Zichtbaar maken van zingeving en het praktisch en toepasbaar maken van wat zinvol is.<br>2. Spreken over zingeving\u2013 met een gedeelde taal in een veilige ruimte.<br>3. Zelfbewustzijn en de verbinding met anderen te verdiepen<br>4. Understand the difference between Meaning and Purpose - and why you need both.<br>\n<\/p>\n<\/div><div class=\"bde-column-389-355 bde-column\">\n              \n  \n  \n\t\n\n  <div class=\"section-background-overlay\"><\/div>\n\n\n\n<\/div><\/div><\/div>\n<\/section><section class=\"bde-section-389-102 bde-section\" team=\"17\">\n  \n  \n\t\n\n\n\n<div class=\"section-container\"><div class=\"bde-div-389-103 bde-div\">\n  \n  \n\t\n\n\n\n<h2 class=\"bde-heading-389-104 bde-heading\">\nWat zeggen deelnemers over het werken met de Map?\"\n<\/h2>\n<\/div><div class=\"bde-div-389-105 bde-div\">\n  \n  \n\t\n\n\n\n<div class=\"bde-div-389-106 bde-div\">\n  \n  \n\t\n\n\n\n<div class=\"bde-div-389-107 bde-div\">\n  \n  \n\t\n\n\n\n<div class=\"bde-div-389-108 bde-div\">\n  \n  \n\t\n\n\n\n<p class=\"bde-text-389-110 bde-text\">\n\u201cVoor het eerst begrijp ik waar mijn zingeving vandaan komt en hoe ik daaraan vast kan houden.\u201d\n<\/p>\n<\/div><div class=\"bde-div-389-111 bde-div\">\n  \n  \n\t\n\n\n\n<p class=\"bde-text-389-113 bde-text\">\n\"De Map of Meaning\u00ae is geen theorie. De processen zijn eenvoudig toe te passen en tegelijkertijd diepgaand.\u201d\n<\/p>\n<\/div><div class=\"bde-div-389-216 bde-div\">\n  \n  \n\t\n\n\n\n<p class=\"bde-text-389-217 bde-text\">\n\u201cVoor het eerst begrijp ik waar mijn zingeving vandaan komt en hoe ik daaraan vast kan houden.\u201d\n<\/p>\n<\/div><div class=\"bde-div-389-114 bde-div\">\n  \n  \n\t\n\n\n\n<p class=\"bde-text-389-116 bde-text\">\n\u201cDe Map, en het proces dat je erbij gebruikt, hielpen ons wat zinvol is zichtbaar en bespreekbaar te maken: het gaf ons taal voor zingeving.\u201d\n<\/p>\n<\/div><div class=\"bde-div-389-117 bde-div\">\n  \n  \n\t\n\n\n\n<p class=\"bde-text-389-119 bde-text\">\n\u201cMet de Map had ik in 30 minuten uitgelegd wat mij normaal uren kost (en waarbij ik dan nog steeds niet word gehoord).\"\n<\/p>\n<\/div><div class=\"bde-div-389-208 bde-div\">\n  \n  \n\t\n\n\n\n<p class=\"bde-text-389-209 bde-text\">\n\u201cVoor het eerst begrijp ik waar mijn zingeving vandaan komt en hoe ik daaraan vast kan houden.\u201d\n<\/p>\n<\/div>\n<\/div><div class=\"bde-div-389-123 bde-div\">\n  \n  \n\t\n\n\n\n<div class=\"bde-div-389-218 bde-div\">\n  \n  \n\t\n\n\n\n<p class=\"bde-text-389-219 bde-text\">\n\u201cDe Map gaat niet alleen over intellectueel weten. Je hele lijf is verbonden met het proces van zingeving; het verbindt het hoofd, hart, buik, ziel en handen.\u201d\n<\/p>\n<\/div><div class=\"bde-div-389-124 bde-div\">\n  \n  \n\t\n\n\n\n<p class=\"bde-text-389-126 bde-text\">\n\u201cDe Map helpt ons onderlinge verschillen te zien, maar ook wat we delen.\u201d\n<\/p>\n<\/div><div class=\"bde-div-389-120 bde-div\">\n  \n  \n\t\n\n\n\n<p class=\"bde-text-389-122 bde-text\">\n\u201cDe Map gaat niet alleen over intellectueel weten. Je hele lijf is verbonden met het proces van zingeving; het verbindt het hoofd, hart, buik, ziel en handen.\u201d\n<\/p>\n<\/div><div class=\"bde-div-389-127 bde-div\">\n  \n  \n\t\n\n\n\n<p class=\"bde-text-389-129 bde-text\">\n\"De Kaart verbindt snel individuele betekenis met het doel van de organisatie en weer terug\"\n<\/p>\n<\/div><div class=\"bde-div-389-130 bde-div\">\n  \n  \n\t\n\n\n\n<p class=\"bde-text-389-132 bde-text\">\n\"De Kaart maakt verlies van betekenis zichtbaar en veilig en constructief bespreekbaar\"\n<\/p>\n<\/div><div class=\"bde-div-389-210 bde-div\">\n  \n  \n\t\n\n\n\n<p class=\"bde-text-389-211 bde-text\">\n\u201cDe Map gaat niet alleen over intellectueel weten. Je hele lijf is verbonden met het proces van zingeving; het verbindt het hoofd, hart, buik, ziel en handen.\u201d\n<\/p>\n<\/div>\n<\/div>\n<\/div><div class=\"bde-div-389-139 bde-div\">\n  \n  \n\t\n\n\n\n<div class=\"bde-div-389-140 bde-div\">\n  \n  \n\t\n\n\n\n<div class=\"bde-div-389-220 bde-div\">\n  \n  \n\t\n\n\n\n<p class=\"bde-text-389-221 bde-text\">\n\u201cDe Map verankert onze visie, vertaalt die naar dagelijkse acties en geeft simpele taal voor waar wat betekenisvol is en ons doel wel of niet op elkaar aansluiten.\u201d\n<\/p>\n<\/div><div class=\"bde-div-389-141 bde-div\">\n  \n  \n\t\n\n\n\n<p class=\"bde-text-389-143 bde-text\">\n\u201cDe Map laat zien waarom, ondanks dat bepaalde aspecten van mijn werk heel zinvol zijn, zingeving als geheel toch steeds opnieuw leek te verdwijnen.\u201d\n<\/p>\n<\/div><div class=\"bde-div-389-212 bde-div\">\n  \n  \n\t\n\n\n\n<p class=\"bde-text-389-213 bde-text\">\n\u201cDe Map verankert onze visie, vertaalt die naar dagelijkse acties en geeft simpele taal voor waar wat betekenisvol is en ons doel wel of niet op elkaar aansluiten.\u201d\n<\/p>\n<\/div><div class=\"bde-div-389-144 bde-div\">\n  \n  \n\t\n\n\n\n<p class=\"bde-text-389-146 bde-text\">\n\u201cDe Map be\u00efnvloedt onze besluitvorming op momenten dat het zo gemakkelijk is om wat zin geeft te vergeten of zelfs te vernietigen.\u201d\n<\/p>\n<\/div><div class=\"bde-div-389-147 bde-div\">\n  \n  \n\t\n\n\n\n<p class=\"bde-text-389-149 bde-text\">\n\u201cDe Map biedt een veel diepgaander begrip van balans.\u201d\n<\/p>\n<\/div><div class=\"bde-div-389-136 bde-div\">\n  \n  \n\t\n\n\n\n<p class=\"bde-text-389-138 bde-text\">\n\u201cDe Map verankert onze visie, vertaalt die naar dagelijkse acties en geeft simpele taal voor waar wat betekenisvol is en ons doel wel of niet op elkaar aansluiten.\u201d\n<\/p>\n<\/div>\n<\/div><div class=\"bde-div-389-156 bde-div\">\n  \n  \n\t\n\n\n\n<div class=\"bde-div-389-222 bde-div\">\n  \n  \n\t\n\n\n\n<p class=\"bde-text-389-223 bde-text\">\n\u201cMet de Map is zingeving niet langer iets esoterisch, maar juist heel praktisch.\u201d\n<\/p>\n<\/div><div class=\"bde-div-389-157 bde-div\">\n  \n  \n\t\n\n\n\n<p class=\"bde-text-389-159 bde-text\">\n\u201cDe processen die je met de Map gebruikt, herstellen waardigheid.\u201d\n<\/p>\n<\/div><div class=\"bde-div-389-150 bde-div\">\n  \n  \n\t\n\n\n\n<p class=\"bde-text-389-152 bde-text\">\n\"De Kaart, via een proces waarin we onze eigen wijsheid vinden, ondersteunt diepe verbindingen met anderen\"\n<\/p>\n<\/div><div class=\"bde-div-389-153 bde-div\">\n  \n  \n\t\n\n\n\n<p class=\"bde-text-389-155 bde-text\">\n\"De kaart en zijn processen helpen om een aantal hardnekkige problemen te doorbreken door terug te gaan naar waar het om gaat\".\n<\/p>\n<\/div><div class=\"bde-div-389-214 bde-div\">\n  \n  \n\t\n\n\n\n<p class=\"bde-text-389-215 bde-text\">\n\u201cMet de Map is zingeving niet langer iets esoterisch, maar juist heel praktisch.\u201d\n<\/p>\n<\/div><div class=\"bde-div-389-133 bde-div\">\n  \n  \n\t\n\n\n\n<p class=\"bde-text-389-135 bde-text\">\n\u201cMet de Map is zingeving niet langer iets esoterisch, maar juist heel praktisch.\u201d\n<\/p>\n<\/div>\n<\/div>\n<\/div>\n<\/div><\/div>\n<\/section>","protected":false},"excerpt":{"rendered":"<p>Why do I need the Map of Meaning\u00ae? If the search for meaning is as natural as breathing, why do you need a Map? 01 The Map helps us ask, and answer: what do I need to do today, this week, to increase meaningfulness. To take meaningful action, you have to take meaning from the [&hellip;]<\/p>","protected":false},"author":2,"featured_media":1817,"parent":0,"menu_order":21,"comment_status":"closed","ping_status":"closed","template":"","meta":{"_acf_changed":false,"slim_seo":{"title":"Waarom een kaart? - De Kaart van Betekenis, zinvol werk en leven","description":"Why do I need the Map of Meaning\u00ae? If the search for meaning is as natural as breathing, why do you need a Map? 01 The Map helps us ask, and answer: what do I n"},"_breakdance_hide_in_design_set":false,"_breakdance_tags":"","footnotes":""},"class_list":["post-389","page","type-page","status-publish","has-post-thumbnail","hentry"],"acf":[],"_links":{"self":[{"href":"https:\/\/www.themapofmeaning.org\/nl\/wp-json\/wp\/v2\/pages\/389","targetHints":{"allow":["GET"]}}],"collection":[{"href":"https:\/\/www.themapofmeaning.org\/nl\/wp-json\/wp\/v2\/pages"}],"about":[{"href":"https:\/\/www.themapofmeaning.org\/nl\/wp-json\/wp\/v2\/types\/page"}],"author":[{"embeddable":true,"href":"https:\/\/www.themapofmeaning.org\/nl\/wp-json\/wp\/v2\/users\/2"}],"replies":[{"embeddable":true,"href":"https:\/\/www.themapofmeaning.org\/nl\/wp-json\/wp\/v2\/comments?post=389"}],"version-history":[{"count":6,"href":"https:\/\/www.themapofmeaning.org\/nl\/wp-json\/wp\/v2\/pages\/389\/revisions"}],"predecessor-version":[{"id":3620,"href":"https:\/\/www.themapofmeaning.org\/nl\/wp-json\/wp\/v2\/pages\/389\/revisions\/3620"}],"wp:featuredmedia":[{"embeddable":true,"href":"https:\/\/www.themapofmeaning.org\/nl\/wp-json\/wp\/v2\/media\/1817"}],"wp:attachment":[{"href":"https:\/\/www.themapofmeaning.org\/nl\/wp-json\/wp\/v2\/media?parent=389"}],"curies":[{"name":"wp","href":"https:\/\/api.w.org\/{rel}","templated":true}]}}