{"id":598,"date":"2024-12-11T16:36:46","date_gmt":"2024-12-11T03:36:46","guid":{"rendered":"https:\/\/www.themapofmeaning.org\/?page_id=598"},"modified":"2026-01-13T17:02:53","modified_gmt":"2026-01-13T04:02:53","slug":"public-courses","status":"publish","type":"page","link":"https:\/\/www.themapofmeaning.org\/fr\/public-courses\/","title":{"rendered":"Cours publics"},"content":{"rendered":"<section class=\"bde-section-598-102 bde-section cont-full no-top-pad\">\n  \n  \n\t\n\n\n\n<div class=\"section-container\"><div class=\"bde-div-598-103 bde-div\">\n  \n  \n\t\n\n\n\n<div class=\"bde-post-loop-598-106 bde-post-loop\"><div class=\"bde-loop bde-loop-grid ee-posts ee-posts-grid\">    <article class=\"bde-loop-item ee-post\">\n        <div class=\"bde-div-436-100-3585-436-1 bde-div bde-div-436-100\">\n  \n  \n\t\n\n\n\n<a class=\"bde-container-link-436-106-3585-436-1 bde-container-link bde-container-link-436-106 breakdance-link\" href=\"https:\/\/www.themapofmeaning.org\/fr\/course\/free-information-session-on-the-map-of-meaning\/\" target=\"_self\" data-type=\"url\">\n  \n  \n\t\n\n\n\n<img decoding=\"async\" class=\"bde-image2-436-101-3585-436-1 bde-image2 bde-image2-436-101\" src=\"https:\/\/www.themapofmeaning.org\/wp-content\/uploads\/2026\/03\/iStock-638999818-1024x683.jpg\" alt=\"What gives you meaning?\" loading=\"lazy\" srcset=\"https:\/\/www.themapofmeaning.org\/wp-content\/uploads\/2026\/03\/iStock-638999818-1024x683.jpg 1024w, https:\/\/www.themapofmeaning.org\/wp-content\/uploads\/2026\/03\/iStock-638999818-300x200.jpg 300w, https:\/\/www.themapofmeaning.org\/wp-content\/uploads\/2026\/03\/iStock-638999818-768x512.jpg 768w, https:\/\/www.themapofmeaning.org\/wp-content\/uploads\/2026\/03\/iStock-638999818-1536x1024.jpg 1536w, https:\/\/www.themapofmeaning.org\/wp-content\/uploads\/2026\/03\/iStock-638999818-18x12.jpg 18w\" sizes=\"(max-width: 1024px) 100vw, 1024px\"><div class=\"bde-div-436-107-3585-436-1 bde-div bde-div-436-107\">\n  \n  \n\t\n\n\n\n<h4 class=\"bde-heading-436-104-3585-436-1 bde-heading bde-heading-436-104\">\nS\u00e9ance d'information gratuite sur la carte du sens\n<\/h4>\n<\/div>\n\n<\/a>\n<\/div>    <\/article>\n    <article class=\"bde-loop-item ee-post\">\n        <div class=\"bde-div-436-100-3361-436-1 bde-div bde-div-436-100\">\n  \n  \n\t\n\n\n\n<a class=\"bde-container-link-436-106-3361-436-1 bde-container-link bde-container-link-436-106 breakdance-link\" href=\"https:\/\/www.themapofmeaning.org\/fr\/course\/practitioner-fundamentals\/\" target=\"_self\" data-type=\"url\">\n  \n  \n\t\n\n\n\n<img decoding=\"async\" class=\"bde-image2-436-101-3361-436-1 bde-image2 bde-image2-436-101\" src=\"https:\/\/www.themapofmeaning.org\/wp-content\/uploads\/2025\/03\/Lilian-leading-at-Meaning-Conference-workshop-copy-1-768x1024.jpg\" loading=\"lazy\" srcset=\"https:\/\/www.themapofmeaning.org\/wp-content\/uploads\/2025\/03\/Lilian-leading-at-Meaning-Conference-workshop-copy-1-768x1023.jpg 768w, https:\/\/www.themapofmeaning.org\/wp-content\/uploads\/2025\/03\/Lilian-leading-at-Meaning-Conference-workshop-copy-1-225x300.jpg 225w, https:\/\/www.themapofmeaning.org\/wp-content\/uploads\/2025\/03\/Lilian-leading-at-Meaning-Conference-workshop-copy-1-1153x1536.jpg 1153w, https:\/\/www.themapofmeaning.org\/wp-content\/uploads\/2025\/03\/Lilian-leading-at-Meaning-Conference-workshop-copy-1-9x12.jpg 9w\" sizes=\"(max-width: 768px) 100vw, 768px\"><div class=\"bde-div-436-107-3361-436-1 bde-div bde-div-436-107\">\n  \n  \n\t\n\n\n\n<h4 class=\"bde-heading-436-104-3361-436-1 bde-heading bde-heading-436-104\">\nPrincipes fondamentaux du praticien\n<\/h4>\n<\/div>\n\n<\/a>\n<\/div>    <\/article>\n    <article class=\"bde-loop-item ee-post\">\n        <div class=\"bde-div-436-100-3362-436-1 bde-div bde-div-436-100\">\n  \n  \n\t\n\n\n\n<a class=\"bde-container-link-436-106-3362-436-1 bde-container-link bde-container-link-436-106 breakdance-link\" href=\"https:\/\/www.themapofmeaning.org\/fr\/course\/practitioner-advanced\/\" target=\"_self\" data-type=\"url\">\n  \n  \n\t\n\n\n\n<img decoding=\"async\" class=\"bde-image2-436-101-3362-436-1 bde-image2 bde-image2-436-101\" src=\"https:\/\/www.themapofmeaning.org\/wp-content\/uploads\/2025\/03\/Book-2-1024x768.jpeg\" loading=\"lazy\" srcset=\"https:\/\/www.themapofmeaning.org\/wp-content\/uploads\/2025\/03\/Book-2-1024x768.jpeg 1024w, https:\/\/www.themapofmeaning.org\/wp-content\/uploads\/2025\/03\/Book-2-300x225.jpeg 300w, https:\/\/www.themapofmeaning.org\/wp-content\/uploads\/2025\/03\/Book-2-768x576.jpeg 768w, https:\/\/www.themapofmeaning.org\/wp-content\/uploads\/2025\/03\/Book-2-1536x1152.jpeg 1536w, https:\/\/www.themapofmeaning.org\/wp-content\/uploads\/2025\/03\/Book-2-16x12.jpeg 16w\" sizes=\"(max-width: 1024px) 100vw, 1024px\"><div class=\"bde-div-436-107-3362-436-1 bde-div bde-div-436-107\">\n  \n  \n\t\n\n\n\n<h4 class=\"bde-heading-436-104-3362-436-1 bde-heading bde-heading-436-104\">\nPraticien avanc\u00e9\n<\/h4>\n<\/div>\n\n<\/a>\n<\/div>    <\/article>\n    <article class=\"bde-loop-item ee-post\">\n        <div class=\"bde-div-436-100-3385-436-1 bde-div bde-div-436-100\">\n  \n  \n\t\n\n\n\n<a class=\"bde-container-link-436-106-3385-436-1 bde-container-link bde-container-link-436-106 breakdance-link\" href=\"https:\/\/www.themapofmeaning.org\/fr\/course\/certification-pathway-program\/\" target=\"_self\" data-type=\"url\">\n  \n  \n\t\n\n\n\n<img decoding=\"async\" class=\"bde-image2-436-101-3385-436-1 bde-image2 bde-image2-436-101\" src=\"https:\/\/www.themapofmeaning.org\/wp-content\/uploads\/2025\/03\/stairs-up-Italy-768x1024.jpeg\" loading=\"lazy\" srcset=\"https:\/\/www.themapofmeaning.org\/wp-content\/uploads\/2025\/03\/stairs-up-Italy-768x1024.jpeg 768w, https:\/\/www.themapofmeaning.org\/wp-content\/uploads\/2025\/03\/stairs-up-Italy-225x300.jpeg 225w, https:\/\/www.themapofmeaning.org\/wp-content\/uploads\/2025\/03\/stairs-up-Italy-1152x1536.jpeg 1152w, https:\/\/www.themapofmeaning.org\/wp-content\/uploads\/2025\/03\/stairs-up-Italy-9x12.jpeg 9w\" sizes=\"(max-width: 768px) 100vw, 768px\"><div class=\"bde-div-436-107-3385-436-1 bde-div bde-div-436-107\">\n  \n  \n\t\n\n\n\n<h4 class=\"bde-heading-436-104-3385-436-1 bde-heading bde-heading-436-104\">\nProgramme de certification\n<\/h4>\n<\/div>\n\n<\/a>\n<\/div>    <\/article>\n    <article class=\"bde-loop-item ee-post\">\n        <div class=\"bde-div-436-100-3236-436-1 bde-div bde-div-436-100\">\n  \n  \n\t\n\n\n\n<a class=\"bde-container-link-436-106-3236-436-1 bde-container-link bde-container-link-436-106 breakdance-link\" href=\"https:\/\/www.themapofmeaning.org\/fr\/course\/discover-the-map-of-meaning\/\" target=\"_self\" data-type=\"url\">\n  \n  \n\t\n\n\n\n<img decoding=\"async\" class=\"bde-image2-436-101-3236-436-1 bde-image2 bde-image2-436-101\" src=\"https:\/\/www.themapofmeaning.org\/wp-content\/uploads\/2025\/12\/Photo-for-Testimonial-section-of-website-1024x768.jpg\" alt=\"Photo for Testimonial section of website\" loading=\"lazy\" srcset=\"https:\/\/www.themapofmeaning.org\/wp-content\/uploads\/2025\/12\/Photo-for-Testimonial-section-of-website-1024x768.jpg 1024w, https:\/\/www.themapofmeaning.org\/wp-content\/uploads\/2025\/12\/Photo-for-Testimonial-section-of-website-300x225.jpg 300w, https:\/\/www.themapofmeaning.org\/wp-content\/uploads\/2025\/12\/Photo-for-Testimonial-section-of-website-768x576.jpg 768w, https:\/\/www.themapofmeaning.org\/wp-content\/uploads\/2025\/12\/Photo-for-Testimonial-section-of-website-1536x1152.jpg 1536w, https:\/\/www.themapofmeaning.org\/wp-content\/uploads\/2025\/12\/Photo-for-Testimonial-section-of-website-16x12.jpg 16w\" sizes=\"(max-width: 1024px) 100vw, 1024px\"><div class=\"bde-div-436-107-3236-436-1 bde-div bde-div-436-107\">\n  \n  \n\t\n\n\n\n<h4 class=\"bde-heading-436-104-3236-436-1 bde-heading bde-heading-436-104\">\nD\u00e9couvrir la carte du sens\n<\/h4>\n<\/div>\n\n<\/a>\n<\/div>    <\/article>\n    <article class=\"bde-loop-item ee-post\">\n        <div class=\"bde-div-436-100-3348-436-1 bde-div bde-div-436-100\">\n  \n  \n\t\n\n\n\n<a class=\"bde-container-link-436-106-3348-436-1 bde-container-link bde-container-link-436-106 breakdance-link\" href=\"https:\/\/www.themapofmeaning.org\/fr\/course\/create-your-own-map-of-meaning\/\" target=\"_self\" data-type=\"url\">\n  \n  \n\t\n\n\n\n<img decoding=\"async\" class=\"bde-image2-436-101-3348-436-1 bde-image2 bde-image2-436-101\" src=\"https:\/\/www.themapofmeaning.org\/wp-content\/uploads\/2025\/12\/coffee-and-diaries-2-1024x768.jpeg\" alt=\"Coffee and diaries\" loading=\"lazy\" srcset=\"https:\/\/www.themapofmeaning.org\/wp-content\/uploads\/2025\/12\/coffee-and-diaries-2-1024x768.jpeg 1024w, https:\/\/www.themapofmeaning.org\/wp-content\/uploads\/2025\/12\/coffee-and-diaries-2-300x225.jpeg 300w, https:\/\/www.themapofmeaning.org\/wp-content\/uploads\/2025\/12\/coffee-and-diaries-2-768x576.jpeg 768w, https:\/\/www.themapofmeaning.org\/wp-content\/uploads\/2025\/12\/coffee-and-diaries-2-1536x1152.jpeg 1536w, https:\/\/www.themapofmeaning.org\/wp-content\/uploads\/2025\/12\/coffee-and-diaries-2-16x12.jpeg 16w\" sizes=\"(max-width: 1024px) 100vw, 1024px\"><div class=\"bde-div-436-107-3348-436-1 bde-div bde-div-436-107\">\n  \n  \n\t\n\n\n\n<h4 class=\"bde-heading-436-104-3348-436-1 bde-heading bde-heading-436-104\">\nCr\u00e9ez votre propre carte du sens\n<\/h4>\n<\/div>\n\n<\/a>\n<\/div>    <\/article>\n    <article class=\"bde-loop-item ee-post\">\n        <div class=\"bde-div-436-100-3344-436-1 bde-div bde-div-436-100\">\n  \n  \n\t\n\n\n\n<a class=\"bde-container-link-436-106-3344-436-1 bde-container-link bde-container-link-436-106 breakdance-link\" href=\"https:\/\/www.themapofmeaning.org\/fr\/course\/finding-your-way\/\" target=\"_self\" data-type=\"url\">\n  \n  \n\t\n\n\n\n<img decoding=\"async\" class=\"bde-image2-436-101-3344-436-1 bde-image2 bde-image2-436-101\" src=\"https:\/\/www.themapofmeaning.org\/wp-content\/uploads\/2026\/01\/curated-lifestyle-PQ8lOFqMZWQ-unsplash-1-1024x790.jpg\" alt=\"Curated lifestyle PQ8lOFqMZWQ unsplash (1)\" loading=\"lazy\" srcset=\"https:\/\/www.themapofmeaning.org\/wp-content\/uploads\/2026\/01\/curated-lifestyle-PQ8lOFqMZWQ-unsplash-1-1024x790.jpg 1024w, https:\/\/www.themapofmeaning.org\/wp-content\/uploads\/2026\/01\/curated-lifestyle-PQ8lOFqMZWQ-unsplash-1-300x231.jpg 300w, https:\/\/www.themapofmeaning.org\/wp-content\/uploads\/2026\/01\/curated-lifestyle-PQ8lOFqMZWQ-unsplash-1-768x592.jpg 768w, https:\/\/www.themapofmeaning.org\/wp-content\/uploads\/2026\/01\/curated-lifestyle-PQ8lOFqMZWQ-unsplash-1-1536x1185.jpg 1536w, https:\/\/www.themapofmeaning.org\/wp-content\/uploads\/2026\/01\/curated-lifestyle-PQ8lOFqMZWQ-unsplash-1-16x12.jpg 16w\" sizes=\"(max-width: 1024px) 100vw, 1024px\"><div class=\"bde-div-436-107-3344-436-1 bde-div bde-div-436-107\">\n  \n  \n\t\n\n\n\n<h4 class=\"bde-heading-436-104-3344-436-1 bde-heading bde-heading-436-104\">\nCr\u00e9er une retraite qui a du sens\n<\/h4>\n<\/div>\n\n<\/a>\n<\/div>    <\/article>\n    <article class=\"bde-loop-item ee-post\">\n        <div class=\"bde-div-436-100-3405-436-1 bde-div bde-div-436-100\">\n  \n  \n\t\n\n\n\n<a class=\"bde-container-link-436-106-3405-436-1 bde-container-link bde-container-link-436-106 breakdance-link\" href=\"https:\/\/www.themapofmeaning.org\/fr\/course\/create-more-fulfillment-at-work\/\" target=\"_self\" data-type=\"url\">\n  \n  \n\t\n\n\n\n<img decoding=\"async\" class=\"bde-image2-436-101-3405-436-1 bde-image2 bde-image2-436-101\" src=\"https:\/\/www.themapofmeaning.org\/wp-content\/uploads\/2026\/01\/AdobeStock_1870655832-1024x574.jpeg\" alt=\"Holding a box with a message about making changes in life\" loading=\"lazy\" srcset=\"https:\/\/www.themapofmeaning.org\/wp-content\/uploads\/2026\/01\/AdobeStock_1870655832-1024x574.jpeg 1024w, https:\/\/www.themapofmeaning.org\/wp-content\/uploads\/2026\/01\/AdobeStock_1870655832-300x168.jpeg 300w, https:\/\/www.themapofmeaning.org\/wp-content\/uploads\/2026\/01\/AdobeStock_1870655832-768x430.jpeg 768w, https:\/\/www.themapofmeaning.org\/wp-content\/uploads\/2026\/01\/AdobeStock_1870655832-1536x861.jpeg 1536w, https:\/\/www.themapofmeaning.org\/wp-content\/uploads\/2026\/01\/AdobeStock_1870655832-18x10.jpeg 18w\" sizes=\"(max-width: 1024px) 100vw, 1024px\"><div class=\"bde-div-436-107-3405-436-1 bde-div bde-div-436-107\">\n  \n  \n\t\n\n\n\n<h4 class=\"bde-heading-436-104-3405-436-1 bde-heading bde-heading-436-104\">\nStimulez votre \u00e9panouissement au travail.\n<\/h4>\n<\/div>\n\n<\/a>\n<\/div>    <\/article>\n<\/div>\r\n<\/div>\n<\/div><\/div>\n<\/section>","protected":false},"excerpt":{"rendered":"<p>S\u00e9ance d'information gratuite sur le programme de certification avanc\u00e9e du praticien Map of Meaning\u00ae et le parcours fondamental du praticien D\u00e9couvrez la carte du sens\u00ae Cr\u00e9ez votre propre carte du sens\u00ae Cr\u00e9ez une retraite significative Cr\u00e9ez plus d'\u00e9panouissement au travail.<\/p>","protected":false},"author":2,"featured_media":292,"parent":0,"menu_order":14,"comment_status":"closed","ping_status":"closed","template":"","meta":{"_acf_changed":false,"slim_seo":{"title":"Cours publics - La carte du sens, un travail et une vie qui ont du sens","description":"S\u00e9ance d'information gratuite sur le programme de certification fondamentale et avanc\u00e9e de praticien Map of Meaning\u00ae D\u00e9couvrez le cr\u00e9ateur de Map of Meaning\u00ae"},"_breakdance_hide_in_design_set":false,"_breakdance_tags":"","footnotes":""},"class_list":["post-598","page","type-page","status-publish","has-post-thumbnail","hentry"],"acf":[],"_links":{"self":[{"href":"https:\/\/www.themapofmeaning.org\/fr\/wp-json\/wp\/v2\/pages\/598","targetHints":{"allow":["GET"]}}],"collection":[{"href":"https:\/\/www.themapofmeaning.org\/fr\/wp-json\/wp\/v2\/pages"}],"about":[{"href":"https:\/\/www.themapofmeaning.org\/fr\/wp-json\/wp\/v2\/types\/page"}],"author":[{"embeddable":true,"href":"https:\/\/www.themapofmeaning.org\/fr\/wp-json\/wp\/v2\/users\/2"}],"replies":[{"embeddable":true,"href":"https:\/\/www.themapofmeaning.org\/fr\/wp-json\/wp\/v2\/comments?post=598"}],"version-history":[{"count":6,"href":"https:\/\/www.themapofmeaning.org\/fr\/wp-json\/wp\/v2\/pages\/598\/revisions"}],"predecessor-version":[{"id":3387,"href":"https:\/\/www.themapofmeaning.org\/fr\/wp-json\/wp\/v2\/pages\/598\/revisions\/3387"}],"wp:featuredmedia":[{"embeddable":true,"href":"https:\/\/www.themapofmeaning.org\/fr\/wp-json\/wp\/v2\/media\/292"}],"wp:attachment":[{"href":"https:\/\/www.themapofmeaning.org\/fr\/wp-json\/wp\/v2\/media?parent=598"}],"curies":[{"name":"wp","href":"https:\/\/api.w.org\/{rel}","templated":true}]}}