{"id":589,"date":"2024-12-11T16:16:46","date_gmt":"2024-12-11T03:16:46","guid":{"rendered":"https:\/\/www.themapofmeaning.org\/?page_id=589"},"modified":"2025-03-18T15:46:19","modified_gmt":"2025-03-18T02:46:19","slug":"workshops-and-seminars","status":"publish","type":"page","link":"https:\/\/www.themapofmeaning.org\/fr\/workshops-and-seminars\/","title":{"rendered":"Ateliers et s\u00e9minaires"},"content":{"rendered":"<section class=\"bde-section-589-104 bde-section\">\n  \n  \n\t\n\n\n\n<div class=\"section-container\"><div class=\"bde-columns-589-105 bde-columns\"><div class=\"bde-column-589-106 bde-column\">\n  \n  \n\t\n\n\n\n<div class=\"bde-div-589-107 bde-div\">\n  \n  \n\t\n\n\n\n<h3 class=\"bde-heading-589-108 bde-heading\">\nFait \u00e0 votre mesure\n<\/h3><p class=\"bde-text-589-109 bde-text\">\nNous adaptons les ateliers et les s\u00e9minaires en fonction des besoins et motivations de vos participants. Nous pouvons travailler avec vous en personne ou en ligne, et les ateliers peuvent durer de 2 heures, \u00e0 une demi-journ\u00e9e, ou une journ\u00e9e enti\u00e8re.\u00a0<br><br>Parmi les exemples pr\u00e9c\u00e9dents, on peut citer\n<\/p><div class=\"bde-rich-text-589-110 bde-rich-text breakdance-rich-text-styles\">\n<ul><li>Diriger entre l'inspiration et la r\u00e9alit\u00e9<\/li><li>Pourquoi nous devons parler de sens sur le lieu de travail<\/li><li>Signification pour les artistes et les cr\u00e9atifs<\/li><li>Un esprit d'entreprise qui a du sens<\/li><li>Vieillir dans le bon sens<\/li><li>Une \u00e9ducation utile<\/li><li>But et sens - Quelle est la diff\u00e9rence ?<\/li><li>Donner du sens aux carri\u00e8res dans le secteur social<\/li><li>Mettre en \u0153uvre le d\u00e9veloppement durable de mani\u00e8re significative<\/li><\/ul>\n<\/div><p class=\"bde-text-589-112 bde-text\">\nN'h\u00e9sitez pas \u00e0 nous contacter si vous \u00eates int\u00e9ress\u00e9 par un atelier sp\u00e9cifique, ou si vous souhaitez travailler avec nous pour concevoir un atelier pour vous.\n<\/p><div class=\"bde-button-589-113 bde-button\">\n    \n                                    \n    \n    \n    \n    \n            \n            <button type=\"button\" class=\"button-atom button-atom--primary bde-button__button\"  >\n    \n        <span class=\"button-atom__text\">CONTACTEZ-NOUS<\/span>\n\n        \n        \n            <\/button>\n    \n\n\n<\/div>\n<\/div>\n<\/div><div class=\"bde-column-589-111 bde-column\">\n              \n  \n  \n\t\n\n  <div class=\"section-background-overlay\"><\/div>\n\n\n\n<\/div><\/div><\/div>\n<\/section>","protected":false},"excerpt":{"rendered":"<p>Nous adaptons les ateliers et les s\u00e9minaires aux centres d'int\u00e9r\u00eat de votre public. Nous pouvons travailler avec vous en face \u00e0 face ou en ligne, et les ateliers peuvent durer de 2 heures \u00e0 une demi-journ\u00e9e ou une journ\u00e9e enti\u00e8re. Parmi les exemples pr\u00e9c\u00e9dents, citons Diriger entre l'inspiration et la r\u00e9alit\u00e9Pourquoi nous devons parler du sens sur le lieu de travailLe sens [...]<\/p>","protected":false},"author":2,"featured_media":1510,"parent":0,"menu_order":22,"comment_status":"closed","ping_status":"closed","template":"","meta":{"_acf_changed":false,"slim_seo":{"title":"Ateliers et s\u00e9minaires - La carte du sens, un travail et une vie pleins de sens","description":"Nous adaptons les ateliers et les s\u00e9minaires en fonction des centres d'int\u00e9r\u00eat de votre public. Nous pouvons travailler avec vous en face \u00e0 face ou en ligne, et les ateliers peuvent porter sur les sujets suivants"},"_breakdance_hide_in_design_set":false,"_breakdance_tags":"","footnotes":""},"class_list":["post-589","page","type-page","status-publish","has-post-thumbnail","hentry"],"acf":[],"_links":{"self":[{"href":"https:\/\/www.themapofmeaning.org\/fr\/wp-json\/wp\/v2\/pages\/589","targetHints":{"allow":["GET"]}}],"collection":[{"href":"https:\/\/www.themapofmeaning.org\/fr\/wp-json\/wp\/v2\/pages"}],"about":[{"href":"https:\/\/www.themapofmeaning.org\/fr\/wp-json\/wp\/v2\/types\/page"}],"author":[{"embeddable":true,"href":"https:\/\/www.themapofmeaning.org\/fr\/wp-json\/wp\/v2\/users\/2"}],"replies":[{"embeddable":true,"href":"https:\/\/www.themapofmeaning.org\/fr\/wp-json\/wp\/v2\/comments?post=589"}],"version-history":[{"count":0,"href":"https:\/\/www.themapofmeaning.org\/fr\/wp-json\/wp\/v2\/pages\/589\/revisions"}],"wp:featuredmedia":[{"embeddable":true,"href":"https:\/\/www.themapofmeaning.org\/fr\/wp-json\/wp\/v2\/media\/1510"}],"wp:attachment":[{"href":"https:\/\/www.themapofmeaning.org\/fr\/wp-json\/wp\/v2\/media?parent=589"}],"curies":[{"name":"wp","href":"https:\/\/api.w.org\/{rel}","templated":true}]}}