{"id":587,"date":"2024-12-11T16:15:27","date_gmt":"2024-12-11T03:15:27","guid":{"rendered":"https:\/\/www.themapofmeaning.org\/?page_id=587"},"modified":"2025-03-18T16:34:33","modified_gmt":"2025-03-18T03:34:33","slug":"public-speaking","status":"publish","type":"page","link":"https:\/\/www.themapofmeaning.org\/fr\/public-speaking\/","title":{"rendered":"Prise de Parole en Public"},"content":{"rendered":"<section class=\"bde-section-587-110 bde-section\">\n  \n  \n\t\n\n\n\n<div class=\"section-container\"><div class=\"bde-columns-587-111 bde-columns\"><div class=\"bde-column-587-117 bde-column\">\n              \n  \n  \n\t\n\n  <div class=\"section-background-overlay\"><\/div>\n\n\n\n<\/div><div class=\"bde-column-587-112 bde-column\">\n  \n  \n\t\n\n\n\n<div class=\"bde-div-587-113 bde-div\">\n  \n  \n\t\n\n\n\n<h3 class=\"bde-heading-587-114 bde-heading\">\nEngagements de Prise de Parole\n<\/h3><p class=\"bde-text-587-115 bde-text\">\nNous adaptons nos prises de parole \u00e0 vos besoins et \u00e0 votre audience. Nous participons \u00e9galement \u00e0 des tables rondes. La Professeure Marjolein Lips-Wiersma est r\u00e9guli\u00e8rement invit\u00e9e \u00e0 prendre la parole lors de conf\u00e9rences pour partager ses recherches sur le Sens au Travail en tant que sp\u00e9cialiste acad\u00e9mique de r\u00e9f\u00e9rence dans ce domaine. Lani Morris, co-fondatrice de Map of Meaning International, offre des discours inspirants sur la Carte du Sens\u00ae et son application dans une vaste gamme de contextes.<br><br>Nos praticiens certifi\u00e9s proposent \u00e9galement des interventions bas\u00e9es sur leur expertise et leur exp\u00e9rience de cr\u00e9ation d'Impact avec la Carte du Sens\u00ae dans diff\u00e9rents contextes.\n<\/p>\n<\/div>\n<\/div><\/div><\/div>\n<\/section><section class=\"bde-section-587-118 bde-section cont-full\">\n              \n  \n  \n\t\n\n  <div class=\"section-background-overlay\"><\/div>\n\n\n<div class=\"section-container\"><div class=\"bde-div-587-119 bde-div\">\n  \n  \n\t\n\n\n\n<div class=\"bde-text-587-120 bde-text\">\nSi vous souhaitez que nous animions des conf\u00e9rences et des discussions inspirants dans votre locaux.\n<\/div><div class=\"bde-button-587-121 bde-button\">\n    \n                        \n                        \n    \n    \n    \n    \n            \n                    \n            \n            \n\n    \n    \n    \n    \n    \n    <a class=\"breakdance-link button-atom button-atom--secondary bde-button__button\" href=\"https:\/\/www.themapofmeaning.org\/fr\/contact\/\" target=\"_self\" data-type=\"url\"  >\n\n    \n        <span class=\"button-atom__text\">CONTACTEZ-NOUS<\/span>\n\n        \n        \n                <\/a>\n\n    \n\n\n<\/div>\n<\/div><\/div>\n<\/section>","protected":false},"excerpt":{"rendered":"<p>Interventions Nous adaptons nos interventions \u00e0 vos besoins et \u00e0 votre public. Nous participons \u00e9galement \u00e0 des tables rondes. Le professeur Marjolein Lips-Wiersma est r\u00e9guli\u00e8rement invit\u00e9e \u00e0 prendre la parole lors de conf\u00e9rences pour partager ses recherches sur le travail porteur de sens, en tant qu'universitaire de premier plan dans ce domaine. Lani Morris, cofondatrice de Map of Meaning International, donne des conf\u00e9rences inspirantes sur le [...]<\/p>","protected":false},"author":2,"featured_media":1494,"parent":0,"menu_order":15,"comment_status":"closed","ping_status":"closed","template":"","meta":{"_acf_changed":false,"slim_seo":{"title":"La prise de parole en public - La carte du sens, un travail et une vie qui ont du sens","description":"Interventions Nous adaptons nos interventions \u00e0 vos besoins et \u00e0 votre public. Nous participons \u00e9galement \u00e0 des tables rondes. Professeur Marjolein Lips-Wiersma i"},"_breakdance_hide_in_design_set":false,"_breakdance_tags":"","footnotes":""},"class_list":["post-587","page","type-page","status-publish","has-post-thumbnail","hentry"],"acf":[],"_links":{"self":[{"href":"https:\/\/www.themapofmeaning.org\/fr\/wp-json\/wp\/v2\/pages\/587","targetHints":{"allow":["GET"]}}],"collection":[{"href":"https:\/\/www.themapofmeaning.org\/fr\/wp-json\/wp\/v2\/pages"}],"about":[{"href":"https:\/\/www.themapofmeaning.org\/fr\/wp-json\/wp\/v2\/types\/page"}],"author":[{"embeddable":true,"href":"https:\/\/www.themapofmeaning.org\/fr\/wp-json\/wp\/v2\/users\/2"}],"replies":[{"embeddable":true,"href":"https:\/\/www.themapofmeaning.org\/fr\/wp-json\/wp\/v2\/comments?post=587"}],"version-history":[{"count":0,"href":"https:\/\/www.themapofmeaning.org\/fr\/wp-json\/wp\/v2\/pages\/587\/revisions"}],"wp:featuredmedia":[{"embeddable":true,"href":"https:\/\/www.themapofmeaning.org\/fr\/wp-json\/wp\/v2\/media\/1494"}],"wp:attachment":[{"href":"https:\/\/www.themapofmeaning.org\/fr\/wp-json\/wp\/v2\/media?parent=587"}],"curies":[{"name":"wp","href":"https:\/\/api.w.org\/{rel}","templated":true}]}}