{"id":585,"date":"2024-12-11T16:12:34","date_gmt":"2024-12-11T03:12:34","guid":{"rendered":"https:\/\/www.themapofmeaning.org\/?page_id=585"},"modified":"2025-03-18T16:26:29","modified_gmt":"2025-03-18T03:26:29","slug":"consulting","status":"publish","type":"page","link":"https:\/\/www.themapofmeaning.org\/fr\/consulting\/","title":{"rendered":"Conseil"},"content":{"rendered":"<section class=\"bde-section-585-102 bde-section\">\n  \n  \n\t\n\n\n\n<div class=\"section-container\"><div class=\"bde-columns-585-103 bde-columns\"><div class=\"bde-column-585-109 bde-column\">\n              \n  \n  \n\t\n\n  <div class=\"section-background-overlay\"><\/div>\n\n\n\n<\/div><div class=\"bde-column-585-104 bde-column\">\n  \n  \n\t\n\n\n\n<div class=\"bde-div-585-105 bde-div\">\n  \n  \n\t\n\n\n\n<h3 class=\"bde-heading-585-106 bde-heading\">\nNous travaillons avec vous\n<\/h3><p class=\"bde-text-585-107 bde-text\">\nLa Carte de Sens\u00ae est un mod\u00e8le \u00e9prouv\u00e9 utilis\u00e9 par nos praticiens certifi\u00e9s pour aider les \u00e9quipes et les organisations des secteurs public, priv\u00e9 et \u00e0 but non lucratif \u00e0 adopter une approche centr\u00e9e sur le Sens pour r\u00e9soudre des d\u00e9fis tels que :\n<\/p><div class=\"bde-rich-text-585-108 bde-rich-text breakdance-rich-text-styles\">\n<ul><li>Revue de direction et planification strat\u00e9gique \u00e0 travers le prisme de la Carte du Sens<\/li><li>Engagement des parties prenantes par le biais d'un dialogue au tour du Sens au travail<\/li><li>Politique de marque et planning de communications \u2022<\/li><li>Programmes d'engagement des employ\u00e9s par la lib\u00e9ration de leurs motivations intrins\u00e8ques<\/li><li>Renforcement des \u00e9quipes et de la culture \u00e0 travers un Sens coconstruit et partag\u00e9<\/li><li>Int\u00e9gration de la mission et des valeurs \u00e0 travers un Sens partag\u00e9<\/li><li>D\u00e9veloppement du leadership - Se connecter au sens pour diriger soi-m\u00eame, les autres et le syst\u00e8me<\/li><li>R\u00e9solution de conflits par le dialogue et la compr\u00e9hension partag\u00e9e<\/li><\/ul>\n<\/div><p class=\"bde-text-585-110 bde-text\">\nEn tant qu'outil pratique, issu de recherches appliqu\u00e9es sur ce qui donne du Sens au travail \u00e0 chacun, la Carte du Sens\u00ae peut \u00eatre utilis\u00e9e \u00e0 tous les niveaux de l'organisation.\n<\/p>\n<\/div>\n<\/div><\/div><\/div>\n<\/section><section class=\"bde-section-585-111 bde-section cont-full\">\n  \n  \n\t\n\n\n\n<div class=\"section-container\"><div class=\"bde-div-585-112 bde-div\">\n  \n  \n\t\n\n\n\n<div class=\"bde-div-585-113 bde-div\">\n  \n  \n\t\n\n\n\n<div class=\"bde-grid-585-114 bde-grid service__item-link\">\n  \n  \n\t\n\n\n\n<div class=\"bde-div-585-115 bde-div\">\n  \n  \n\t\n\n\n\n<h1 class=\"bde-heading-585-116 bde-heading\">\nLa Carte du Sens\u00ae\n<\/h1><p class=\"bde-text-585-121 bde-text\">\nLa Carte favorise une compr\u00e9hension partag\u00e9e dans les environnements de travail, reliant des personnes, cultures et g\u00e9n\u00e9rations diverses. Elle offre un langage accessible pour \u00e9voquer des exp\u00e9riences souvent difficiles \u00e0 exprimer, conduisant \u00e0 des r\u00e9sultats pratiques.\n<\/p>\n<\/div><div class=\"bde-div-585-119 bde-div\">\n  \n  \n\t\n\n\n\n<p class=\"bde-text-585-120 bde-text\">\nLe mod\u00e8le permet \u00e9galement un dialogue s\u00fbr et professionnel sur des sujets profond\u00e9ment personnels et guide les individus vers diff\u00e9rentes mani\u00e8res de conna\u00eetre ce qui fait Sens pour eux\u2014cognitive, intuitive, \u00e9motionnelle et incarn\u00e9e\u2014am\u00e9liorant ainsi la prise de d\u00e9cision. De plus, il encourage une plus grande prise de responsabilit\u00e9, incitant les individus \u00e0 consid\u00e9rer non seulement leurs propres besoins, mais aussi ceux des autres, et des syst\u00e8mes humains et environnementaux dont nous faisons partie plus globalement.\n<\/p>\n<\/div>\n<\/div>\n<\/div>\n<\/div><\/div>\n<\/section><section class=\"bde-section-585-125 bde-section cont-full\">\n              \n  \n  \n\t\n\n  <div class=\"section-background-overlay\"><\/div>\n\n\n<div class=\"section-container\"><div class=\"bde-div-585-122 bde-div\">\n  \n  \n\t\n\n\n\n<div class=\"bde-text-585-123 bde-text\">\nNous cr\u00e9ons l'\u00e9quipe id\u00e9ale pour vous avec des Praticiens Certifi\u00e9s provenant de divers secteurs et sp\u00e9cialit\u00e9s.\n<\/div><div class=\"bde-button-585-117 bde-button\">\n    \n                        \n                        \n    \n    \n    \n    \n            \n                    \n            \n            \n\n    \n    \n    \n    \n    \n    <a class=\"breakdance-link button-atom button-atom--secondary bde-button__button\" href=\"https:\/\/www.themapofmeaning.org\/fr\/practitioners\/\" target=\"_self\" data-type=\"url\"  >\n\n    \n        <span class=\"button-atom__text\">Recherchez le praticien qui correspond \u00e0 vos besoins.<\/span>\n\n        \n        \n                <\/a>\n\n    \n\n\n<\/div>\n<\/div><\/div>\n<\/section>","protected":false},"excerpt":{"rendered":"<p>Nous travaillons avec vous La Carte du Sens\u00ae est un cadre \u00e9prouv\u00e9 utilis\u00e9 par nos praticiens certifi\u00e9s pour aider les \u00e9quipes et les organisations des secteurs public, priv\u00e9 et \u00e0 but non lucratif \u00e0 adopter une approche centr\u00e9e sur le sens afin de relever des d\u00e9fis tels que : L'examen et la planification de la strat\u00e9gie \u00e0 travers la lentille de la carte du sensL'engagement des parties prenantes \u00e0 travers un dialogue significatifLa marque significative [...]<\/p>","protected":false},"author":2,"featured_media":934,"parent":0,"menu_order":5,"comment_status":"closed","ping_status":"closed","template":"","meta":{"_acf_changed":false,"slim_seo":{"title":"Consulting - La carte du sens, un travail et une vie qui ont du sens","description":"Nous travaillons avec vous La Carte du Sens\u00ae est un cadre \u00e9prouv\u00e9 et test\u00e9, utilis\u00e9 par nos praticiens certifi\u00e9s pour aider les \u00e9quipes et les organisations dans le secteur public, priv\u00e9 et public."},"_breakdance_hide_in_design_set":false,"_breakdance_tags":"","footnotes":""},"class_list":["post-585","page","type-page","status-publish","has-post-thumbnail","hentry"],"acf":[],"_links":{"self":[{"href":"https:\/\/www.themapofmeaning.org\/fr\/wp-json\/wp\/v2\/pages\/585","targetHints":{"allow":["GET"]}}],"collection":[{"href":"https:\/\/www.themapofmeaning.org\/fr\/wp-json\/wp\/v2\/pages"}],"about":[{"href":"https:\/\/www.themapofmeaning.org\/fr\/wp-json\/wp\/v2\/types\/page"}],"author":[{"embeddable":true,"href":"https:\/\/www.themapofmeaning.org\/fr\/wp-json\/wp\/v2\/users\/2"}],"replies":[{"embeddable":true,"href":"https:\/\/www.themapofmeaning.org\/fr\/wp-json\/wp\/v2\/comments?post=585"}],"version-history":[{"count":0,"href":"https:\/\/www.themapofmeaning.org\/fr\/wp-json\/wp\/v2\/pages\/585\/revisions"}],"wp:featuredmedia":[{"embeddable":true,"href":"https:\/\/www.themapofmeaning.org\/fr\/wp-json\/wp\/v2\/media\/934"}],"wp:attachment":[{"href":"https:\/\/www.themapofmeaning.org\/fr\/wp-json\/wp\/v2\/media?parent=585"}],"curies":[{"name":"wp","href":"https:\/\/api.w.org\/{rel}","templated":true}]}}