{"id":579,"date":"2024-12-11T16:08:58","date_gmt":"2024-12-11T03:08:58","guid":{"rendered":"https:\/\/www.themapofmeaning.org\/?page_id=579"},"modified":"2025-04-23T10:41:56","modified_gmt":"2025-04-22T22:41:56","slug":"training","status":"publish","type":"page","link":"https:\/\/www.themapofmeaning.org\/fr\/training\/","title":{"rendered":"Formation"},"content":{"rendered":"<section id=\"intro\" class=\"bde-section-579-105 bde-section cont-full\">\n              \n  \n  \n\t\n\n  <div class=\"section-background-overlay\"><\/div>\n\n\n<div class=\"section-container\"><h2 class=\"bde-dual-heading-579-106 bde-dual-heading\">\n\n\n            <span data-style=\"primary\" class=\"dual-heading--primary\">D\u00e9veloppement<\/span>\n\n            <span data-style=\"secondary\" class=\"dual-heading--secondary\">Professionnel<\/span>\n\n\n\n<\/h2><div class=\"bde-text-579-107 bde-text\">\nNous offrons des opportunit\u00e9s de d\u00e9veloppement professionnel et d'apprentissage continu gr\u00e2ce \u00e0 des formations pour praticiens, des communaut\u00e9s de pratiques et une supervision ax\u00e9e sur le Sens.<br><br>Les professionnels peuvent se sp\u00e9cialiser dans des domaines sp\u00e9cifiques, tels que le leadership et le management, le vieillissement, la jeunesse ou le d\u00e9veloppement organisationnel, et peuvent contribuer \u00e0 des recherches formelles et \u00e0 des r\u00e9flexions de pointe sur la Carte du Sens et ses applications dans ces diff\u00e9rents domaines.<br><br>Ensemble, nous innovons pour de nouvelles applications, structures et processus bas\u00e9s sur le Sens.<br>\n<\/div><div class=\"bde-button-579-108 bde-button\">\n    \n                        \n                        \n    \n    \n    \n    \n            \n                    \n            \n            \n\n    \n    \n    \n    \n    \n    <a class=\"breakdance-link button-atom button-atom--secondary bde-button__button\" href=\"https:\/\/www.themapofmeaning.org\/fr\/professional-training\/\" target=\"_self\" data-type=\"url\"  >\n\n    \n        <span class=\"button-atom__text\">D\u00e9couvrez nos Formations Professionnelles<\/span>\n\n        \n        \n                <\/a>\n\n    \n\n\n<\/div><div class=\"bde-button-579-200 bde-button bde-preset-2eacc7ad-7aff-4f8e-be6f-873da9ec114c\">\n    \n                        \n                        \n    \n    \n    \n    \n            \n                    \n            \n            \n\n    \n    \n    \n    \n    \n    <a class=\"breakdance-link button-atom button-atom--custom bde-button__button\" href=\"https:\/\/www.themapofmeaning.org\/wp-content\/uploads\/2025\/04\/MOMI-Template-5.pdf\" target=\"_self\" data-type=\"url\"  >\n\n    \n        <span class=\"button-atom__text\">Informations sur la formation des praticiens<\/span>\n\n        \n        \n                <\/a>\n\n    \n\n\n<\/div><div class=\"bde-button-579-265 bde-button bde-preset-2eacc7ad-7aff-4f8e-be6f-873da9ec114c\">\n    \n                        \n                        \n    \n    \n    \n    \n            \n                    \n            \n            \n\n    \n    \n    \n    \n    \n    <a class=\"breakdance-link button-atom button-atom--custom bde-button__button\" href=\"https:\/\/www.themapofmeaning.org\/wp-content\/uploads\/2025\/04\/Dutch-MOMI-Practitioner-Course.pdf\" target=\"_self\" data-type=\"url\"  >\n\n    \n        <span class=\"button-atom__text\">Cours de formation pour les praticiens n\u00e9erlandais <\/span>\n\n        \n        \n                <\/a>\n\n    \n\n\n<\/div><\/div>\n<\/section><section class=\"bde-section-579-203 bde-section\" team=\"17\">\n  \n  \n\t\n\n\n\n<div class=\"section-container\"><div class=\"bde-div-579-204 bde-div\">\n  \n  \n\t\n\n\n\n<h2 class=\"bde-heading-579-205 bde-heading\">\nLisez ce que les Praticiens Certifi\u00e9s de la Carte ont \u00e0 dire \u00e0 propos de la Carte...\n<\/h2>\n<\/div><div class=\"bde-div-579-206 bde-div\">\n  \n  \n\t\n\n\n\n<div class=\"bde-div-579-207 bde-div\">\n  \n  \n\t\n\n\n\n<div class=\"bde-div-579-208 bde-div\">\n  \n  \n\t\n\n\n\n<div class=\"bde-div-579-209 bde-div\">\n  \n  \n\t\n\n\n\n<p class=\"bde-text-579-210 bde-text\">\n\"Mon exp\u00e9rience de travail avec la carte m'a appris que, de tous les outils, interventions et cadres que j'ai utilis\u00e9s, celui-ci est celui qui ajoute constamment de la valeur \u00e0 tout ce que je fais. Cela fonctionne toujours. Il a toujours un impact et engage tout le monde. Il est rigoureux, le cadre est solide et offre suffisamment d'espace pour que les gens puissent construire leur propre signification. Steve Tarpey, Human Dimensions, Royaume-Uni\n<\/p>\n<\/div><div class=\"bde-div-579-211 bde-div\">\n  \n  \n\t\n\n\n\n<p class=\"bde-text-579-212 bde-text\">\n\u201cBien que l'engagement avec la Carte soit une exp\u00e9rience profond\u00e9ment personnelle, le processus est facilit\u00e9 par le dialogue, qui cr\u00e9e du soutien, de la connexion, de la compr\u00e9hension et un sentiment d'humanit\u00e9 partag\u00e9e.\u201d\n<\/p>\n<\/div><div class=\"bde-div-579-213 bde-div\">\n  \n  \n\t\n\n\n\n<p class=\"bde-text-579-214 bde-text\">\n\u201cLa Carte du Sens est pertinente pour la plupart des aspects de l'activit\u00e9s et de l'exp\u00e9rience humaines et j'ai ador\u00e9 apporter la Carte \u00e0 des environnements de travail tr\u00e8s divers, des arts aux soins de sant\u00e9, \u00e9largissant sans cesse comment et o\u00f9 elle est utilis\u00e9e. J'aime la libert\u00e9 d'exp\u00e9rimenter, de d\u00e9velopper de nouvelles fa\u00e7ons de travailler avec la Carte et de prototyper de mani\u00e8re audacieuse !\u201d\n<\/p>\n<\/div><div class=\"bde-div-579-215 bde-div\">\n  \n  \n\t\n\n\n\n<p class=\"bde-text-579-216 bde-text\">\n\u201cJ'ai ador\u00e9 apprendre ce que le Sens signifie pour moi, ainsi que pour les autres, et prendre conscience de ce sentiment qu'il en existe une version prescrite \u00e0 laquelle je dois me conformer. Plus je suis humain, plus je vois et comprends le Sens pour moi-m\u00eame, plus je peux \u00eatre utile aux autres.\u201d\n<\/p>\n<\/div><div class=\"bde-div-579-217 bde-div\">\n  \n  \n\t\n\n\n\n<p class=\"bde-text-579-218 bde-text\">\nLa Carte a fait en 30 minutes ce qui me prend habituellement des heures \u00e0 expliquer (et qui n'est pas toujours entendu).\n<\/p>\n<\/div><div class=\"bde-div-579-219 bde-div\">\n  \n  \n\t\n\n\n\n<p class=\"bde-text-579-220 bde-text\">\n\"Pour la premi\u00e8re fois, je comprends d'o\u00f9 vient mon sens et comment je peux le conserver\".\n<\/p>\n<\/div>\n<\/div><div class=\"bde-div-579-221 bde-div\">\n  \n  \n\t\n\n\n\n<div class=\"bde-div-579-222 bde-div\">\n  \n  \n\t\n\n\n\n<p class=\"bde-text-579-223 bde-text\">\n\"La Carte ne concerne pas seulement la connaissance intellectuelle, car il existe tant de processus incarn\u00e9s \u00e0 utiliser avec elle ; elle connecte la t\u00eate, le c\u0153ur\/l'\u00e2me et le corps.\"\n<\/p>\n<\/div><div class=\"bde-div-579-224 bde-div\">\n  \n  \n\t\n\n\n\n<p class=\"bde-text-579-225 bde-text\">\n\u201cLa Carte du Sens m'a permis de grandir constamment en tant que personne et d'utiliser cette croissance pour \u00e9tablir une base solide \u00e0 partir de laquelle travailler. Je n'ai plus besoin de \"faire plaisir au client\" ou de r\u00e9seauter sans fin. J'ai simplement une confiance tranquille dans mon travail avec la Carte.\u201d\n<\/p>\n<\/div><div class=\"bde-div-579-226 bde-div\">\n  \n  \n\t\n\n\n\n<p class=\"bde-text-579-227 bde-text\">\n\"La Carte ne concerne pas seulement la connaissance intellectuelle, car il existe tant de processus incarn\u00e9s \u00e0 utiliser avec elle ; elle connecte la t\u00eate, le c\u0153ur\/l'\u00e2me et le corps.\"\n<\/p>\n<\/div><div class=\"bde-div-579-228 bde-div\">\n  \n  \n\t\n\n\n\n<p class=\"bde-text-579-229 bde-text\">\n\"La carte relie rapidement le sens de l'individu \u00e0 l'objectif de l'organisation et vice-versa.\n<\/p>\n<\/div><div class=\"bde-div-579-230 bde-div\">\n  \n  \n\t\n\n\n\n<p class=\"bde-text-579-231 bde-text\">\n\"La carte du sens me permet d'entrer en contact, d'humain \u00e0 humain, avec des personnes de tous horizons et de tous niveaux dans les organisations.\n<\/p>\n<\/div><div class=\"bde-div-579-232 bde-div\">\n  \n  \n\t\n\n\n\n<p class=\"bde-text-579-233 bde-text\">\n\"La Carte ne concerne pas seulement la connaissance intellectuelle, car il existe tant de processus incarn\u00e9s \u00e0 utiliser avec elle ; elle connecte la t\u00eate, le c\u0153ur\/l'\u00e2me et le corps.\"\n<\/p>\n<\/div><div class=\"bde-div-579-261 bde-div\">\n  \n  \n\t\n\n\n\n<p class=\"bde-text-579-262 bde-text\">\n\"Plus je travaille avec la carte du sens, plus je r\u00e9alise \u00e0 quel point elle sous-tend l'activit\u00e9 humaine. Apprendre \u00e0 l'utiliser de mani\u00e8re de plus en plus vari\u00e9e a \u00e9t\u00e9 l'une des exp\u00e9riences les plus profond\u00e9ment satisfaisantes de ma vie\".  Lani Morris, cofondatrice de MOMI\n<\/p>\n<\/div>\n<\/div>\n<\/div>\n<\/div><\/div>\n<\/section><section class=\"bde-section-579-190 bde-section\">\n  \n  \n\t\n\n\n\n<div class=\"section-container\"><div class=\"bde-columns-579-191 bde-columns\"><div class=\"bde-column-579-193 bde-column\">\n  \n  \n\t\n\n\n\n<div class=\"bde-div-579-194 bde-div\">\n  \n  \n\t\n\n\n\n<h3 class=\"bde-heading-579-195 bde-heading\">\nFormation en Interne\n<\/h3><p class=\"bde-text-579-196 bde-text\">\nLes organisations centr\u00e9es sur le sens ont la capacit\u00e9 intrins\u00e8que de travailler avec le Sens \u00e0 travers leurs processus organisationnels fondamentaux. <br><br>Nous concevons des processus de formation en interne et des solutions de formation de formateurs pour d\u00e9velopper la capacit\u00e9 interne de vos \u00e9quipes \u00e0 travailler avec la Carte du Sens\u00ae ; nous sommes \u00e9galement en mesure d\u2019y int\u00e9grer vos outils, syst\u00e8mes et processus existants <br><br>Nous vous proposons de former vos dirigeants et responsables d'\u00e9quipe, vos professionnels des ressources humaines et du d\u00e9veloppement organisationnel, vos responsables QVT ou encore de d\u00e9velopper des 'Champions du Sens' en interne pour travailler avec la Carte du Sens dans des domaines tels que :\n<\/p><div class=\"bde-rich-text-579-197 bde-rich-text breakdance-rich-text-styles\">\n<ul><li>D\u00e9veloppement du leadership<\/li><li>D\u00e9veloppement personnel et \u00e9valuations de performance<\/li><li>Processus de recrutement<\/li><li>Leadership social et story telling<\/li><li>Programmes de bien-\u00eatre et de sant\u00e9<\/li><li>D\u00e9veloppement de carri\u00e8re et de talents<\/li><li>Vivre selon son but et ses valeurs<\/li><li>Coaching en interne<\/li><li>Sens au Travail<\/li><li>Responsabilit\u00e9 Sociale et Environnementale (RSE)<\/li><\/ul>\n<\/div>\n<\/div>\n<\/div><div class=\"bde-column-579-192 bde-column\">\n              \n  \n  \n\t\n\n  <div class=\"section-background-overlay\"><\/div>\n\n\n\n<\/div><\/div><\/div>\n<\/section>","protected":false},"excerpt":{"rendered":"<p>Les professionnels peuvent se sp\u00e9cialiser dans des domaines d'int\u00e9r\u00eat et d'expertise sp\u00e9cifiques, tels que le leadership, le vieillissement, la jeunesse ou le d\u00e9veloppement organisationnel, et peuvent contribuer \u00e0 la recherche formelle et \u00e0 la r\u00e9flexion sur la carte du sens et ses applications dans ces domaines.<\/p>","protected":false},"author":2,"featured_media":1819,"parent":0,"menu_order":19,"comment_status":"closed","ping_status":"closed","template":"","meta":{"_acf_changed":false,"slim_seo":{"title":"Formation - La carte du sens, un travail et une vie qui ont du sens","description":"D\u00e9veloppement professionnel Nous offrons des possibilit\u00e9s de d\u00e9veloppement professionnel et d'apprentissage continu par le biais de la formation des praticiens, des communaut\u00e9s de pratique et de la formation continue."},"_breakdance_hide_in_design_set":false,"_breakdance_tags":"","footnotes":""},"class_list":["post-579","page","type-page","status-publish","has-post-thumbnail","hentry"],"acf":[],"_links":{"self":[{"href":"https:\/\/www.themapofmeaning.org\/fr\/wp-json\/wp\/v2\/pages\/579","targetHints":{"allow":["GET"]}}],"collection":[{"href":"https:\/\/www.themapofmeaning.org\/fr\/wp-json\/wp\/v2\/pages"}],"about":[{"href":"https:\/\/www.themapofmeaning.org\/fr\/wp-json\/wp\/v2\/types\/page"}],"author":[{"embeddable":true,"href":"https:\/\/www.themapofmeaning.org\/fr\/wp-json\/wp\/v2\/users\/2"}],"replies":[{"embeddable":true,"href":"https:\/\/www.themapofmeaning.org\/fr\/wp-json\/wp\/v2\/comments?post=579"}],"version-history":[{"count":4,"href":"https:\/\/www.themapofmeaning.org\/fr\/wp-json\/wp\/v2\/pages\/579\/revisions"}],"predecessor-version":[{"id":2402,"href":"https:\/\/www.themapofmeaning.org\/fr\/wp-json\/wp\/v2\/pages\/579\/revisions\/2402"}],"wp:featuredmedia":[{"embeddable":true,"href":"https:\/\/www.themapofmeaning.org\/fr\/wp-json\/wp\/v2\/media\/1819"}],"wp:attachment":[{"href":"https:\/\/www.themapofmeaning.org\/fr\/wp-json\/wp\/v2\/media?parent=579"}],"curies":[{"name":"wp","href":"https:\/\/api.w.org\/{rel}","templated":true}]}}