{"id":573,"date":"2024-12-11T15:59:14","date_gmt":"2024-12-11T02:59:14","guid":{"rendered":"https:\/\/www.themapofmeaning.org\/?page_id=573"},"modified":"2026-03-31T13:08:04","modified_gmt":"2026-03-31T00:08:04","slug":"professional-training","status":"publish","type":"page","link":"https:\/\/www.themapofmeaning.org\/fr\/professional-training\/","title":{"rendered":"FORMATION DES PRATICIENS"},"content":{"rendered":"<section class=\"bde-section-573-104 bde-section\">\n  \n  \n\t\n\n\n\n<div class=\"section-container\"><div class=\"bde-columns-573-105 bde-columns\"><div class=\"bde-column-573-106 bde-column\">\n              \n  \n  \n\t\n\n  <div class=\"section-background-overlay\"><\/div>\n\n\n\n<\/div><div class=\"bde-column-573-107 bde-column\">\n  \n  \n\t\n\n\n\n<div class=\"bde-div-573-108 bde-div\">\n  \n  \n\t\n\n\n\n<div class=\"bde-video-573-128 bde-video\">\n<div class=\"ee-video-container\">\n            \n                                                    \n                                <div class=\"ee-video ee-vimeo\">\n                    <iframe\n                            class=\"ee-video lozad\"\n                    title=\"\"\n                    data-src=\n                    \"https:\/\/player.vimeo.com\/video\/1175349339?dnt=1&amp;app_id=122963&controls=1&playsinline=0                    \"\n                    width=\"100%\" height=\"100%\" frameborder=\"0\"\n                    allow=\"autoplay; fullscreen; picture-in-picture\" allowfullscreen>\n                    <\/iframe>\n                <\/div>\n                    \n            \n    <\/div>\n\n<\/div><div class=\"bde-rich-text-573-111 bde-rich-text breakdance-rich-text-styles\">\n<h2 id=\"practitioner-training-your-pathway-to-certificatio\" class=\"mb-2 mt-4 [.has-inline-images_&amp;]:clear-end font-sans visRefresh2026AnswerSerif:font-editorial font-semimedium visRefresh2026Fonts:font-bold text-base visRefresh2026Fonts:text-lg first:mt-0 md:text-lg [hr+&amp;]:mt-4\">Devenir un praticien de la Carte du Sens\u00ae (Map of Meaning)<\/h2>\n<p><em>Je savais par mon exp\u00e9rience de travail avec la Carte du Sens\u00ae que, parmi tous les outils, interventions et cadres que j'ai utilis\u00e9s, c'est celui qui ajoute de mani\u00e8re constante de la valeur \u00e0 tout ce que je fais. Il fonctionne toujours. Il a toujours un impact et engage tout le monde. Il a une rigueur, il y a une force dans le cadre, et suffisamment d'espace en son sein pour que les gens construisent leur propre sens - <\/em>Steve Tarpey, Dimensions humaines, Royaume-Uni<\/p>\n<p>Travaillez avec plus de puissance et de sens dans votre coaching, votre leadership, votre facilitation ou votre pratique communautaire.<\/p>\n<p>Enracin\u00e9e dans une recherche rigoureuse sur la vie et l'exp\u00e9rience de personnes r\u00e9elles, la Map of Meaning\u00ae n'est ni une th\u00e9orie ni un outil. C'est une boussole qui aide \u00e0 rendre le sens visible et \u00e0 orienter les d\u00e9cisions et les actions (collectives).<\/p>\n<p>La carte est infiniment flexible et s'int\u00e8gre facilement aux cadres et m\u00e9thodes que vous utilisez peut-\u00eatre d\u00e9j\u00e0, tels que les mod\u00e8les de coaching, les programmes de leadership, les initiatives en mati\u00e8re de bien-\u00eatre et de culture.<\/p>\n<p>Rejoignez une communaut\u00e9 mondiale de praticiens qui aident les gens \u00e0 cr\u00e9er un travail et une vie authentiques, \u00e9quilibr\u00e9s et align\u00e9s sur ce qui compte vraiment.<\/p>\n<\/div><div class=\"bde-rich-text-573-127 bde-rich-text breakdance-rich-text-styles\">\n<h3>Vos prochaines \u00e9tapes.<\/h3>\n<ol>\n<li>Compl\u00e9ter le formulaire Praticien <a href=\"https:\/\/www.themapofmeaning.org\/fr\/course\/practitioner-fundamentals\/\">Principes de base<\/a> Cours( 3 sessions sur 3 semaines) <strong>Inscrivez-vous avant le 30 avril 2026 et recevez une r\u00e9duction de$50,00 USD sur le cours Fundamentals (Utilisez le coupon FUND2026 au moment du paiement.)<\/strong><\/li>\n<li>Praticien complet <a href=\"https:\/\/www.themapofmeaning.org\/fr\/course\/practitioner-advanced\/\">Avanc\u00e9<\/a> Cours (5 sessions sur 5 semaines)<\/li>\n<li>Optionnel : Remplir le formulaire <a href=\"https:\/\/www.themapofmeaning.org\/fr\/course\/certification-pathway-program\/\">Certification<\/a> Programme<\/li>\n<\/ol>\n<p><a href=\"https:\/\/www.themapofmeaning.org\/fr\/become-a-map-of-meaning-practitioner\/\">LIRE LA SUITE ICI<\/a><\/p>\n<p>Pr\u00eat \u00e0 commencer ? Inscrivez-vous au cours de base ci-dessous<\/p>\n<\/div><h4 class=\"bde-heading-573-117 bde-heading\">\nNos cours disponibles\n<\/h4><div class=\"bde-post-loop-573-116 bde-post-loop\"><div class=\"bde-loop bde-loop-grid ee-posts ee-posts-grid\">    <article class=\"bde-loop-item ee-post\">\n        <div class=\"bde-div-436-100-3585-436-1 bde-div bde-div-436-100\">\n  \n  \n\t\n\n\n\n<a class=\"bde-container-link-436-106-3585-436-1 bde-container-link bde-container-link-436-106 breakdance-link\" href=\"https:\/\/www.themapofmeaning.org\/fr\/course\/free-information-session-on-the-map-of-meaning\/\" target=\"_self\" data-type=\"url\">\n  \n  \n\t\n\n\n\n<img decoding=\"async\" class=\"bde-image2-436-101-3585-436-1 bde-image2 bde-image2-436-101\" src=\"https:\/\/www.themapofmeaning.org\/wp-content\/uploads\/2026\/03\/iStock-638999818-1024x683.jpg\" alt=\"What gives you meaning?\" loading=\"lazy\" srcset=\"https:\/\/www.themapofmeaning.org\/wp-content\/uploads\/2026\/03\/iStock-638999818-1024x683.jpg 1024w, https:\/\/www.themapofmeaning.org\/wp-content\/uploads\/2026\/03\/iStock-638999818-300x200.jpg 300w, https:\/\/www.themapofmeaning.org\/wp-content\/uploads\/2026\/03\/iStock-638999818-768x512.jpg 768w, https:\/\/www.themapofmeaning.org\/wp-content\/uploads\/2026\/03\/iStock-638999818-1536x1024.jpg 1536w, https:\/\/www.themapofmeaning.org\/wp-content\/uploads\/2026\/03\/iStock-638999818-18x12.jpg 18w\" sizes=\"(max-width: 1024px) 100vw, 1024px\"><div class=\"bde-div-436-107-3585-436-1 bde-div bde-div-436-107\">\n  \n  \n\t\n\n\n\n<h4 class=\"bde-heading-436-104-3585-436-1 bde-heading bde-heading-436-104\">\nS\u00e9ance d'information gratuite sur la carte du sens\n<\/h4>\n<\/div>\n\n<\/a>\n<\/div>    <\/article>\n    <article class=\"bde-loop-item ee-post\">\n        <div class=\"bde-div-436-100-3361-436-1 bde-div bde-div-436-100\">\n  \n  \n\t\n\n\n\n<a class=\"bde-container-link-436-106-3361-436-1 bde-container-link bde-container-link-436-106 breakdance-link\" href=\"https:\/\/www.themapofmeaning.org\/fr\/course\/practitioner-fundamentals\/\" target=\"_self\" data-type=\"url\">\n  \n  \n\t\n\n\n\n<img decoding=\"async\" class=\"bde-image2-436-101-3361-436-1 bde-image2 bde-image2-436-101\" src=\"https:\/\/www.themapofmeaning.org\/wp-content\/uploads\/2025\/03\/Lilian-leading-at-Meaning-Conference-workshop-copy-1-768x1024.jpg\" loading=\"lazy\" srcset=\"https:\/\/www.themapofmeaning.org\/wp-content\/uploads\/2025\/03\/Lilian-leading-at-Meaning-Conference-workshop-copy-1-768x1023.jpg 768w, https:\/\/www.themapofmeaning.org\/wp-content\/uploads\/2025\/03\/Lilian-leading-at-Meaning-Conference-workshop-copy-1-225x300.jpg 225w, https:\/\/www.themapofmeaning.org\/wp-content\/uploads\/2025\/03\/Lilian-leading-at-Meaning-Conference-workshop-copy-1-1153x1536.jpg 1153w, https:\/\/www.themapofmeaning.org\/wp-content\/uploads\/2025\/03\/Lilian-leading-at-Meaning-Conference-workshop-copy-1-9x12.jpg 9w\" sizes=\"(max-width: 768px) 100vw, 768px\"><div class=\"bde-div-436-107-3361-436-1 bde-div bde-div-436-107\">\n  \n  \n\t\n\n\n\n<h4 class=\"bde-heading-436-104-3361-436-1 bde-heading bde-heading-436-104\">\nPrincipes fondamentaux du praticien\n<\/h4>\n<\/div>\n\n<\/a>\n<\/div>    <\/article>\n    <article class=\"bde-loop-item ee-post\">\n        <div class=\"bde-div-436-100-3362-436-1 bde-div bde-div-436-100\">\n  \n  \n\t\n\n\n\n<a class=\"bde-container-link-436-106-3362-436-1 bde-container-link bde-container-link-436-106 breakdance-link\" href=\"https:\/\/www.themapofmeaning.org\/fr\/course\/practitioner-advanced\/\" target=\"_self\" data-type=\"url\">\n  \n  \n\t\n\n\n\n<img decoding=\"async\" class=\"bde-image2-436-101-3362-436-1 bde-image2 bde-image2-436-101\" src=\"https:\/\/www.themapofmeaning.org\/wp-content\/uploads\/2025\/03\/Book-2-1024x768.jpeg\" loading=\"lazy\" srcset=\"https:\/\/www.themapofmeaning.org\/wp-content\/uploads\/2025\/03\/Book-2-1024x768.jpeg 1024w, https:\/\/www.themapofmeaning.org\/wp-content\/uploads\/2025\/03\/Book-2-300x225.jpeg 300w, https:\/\/www.themapofmeaning.org\/wp-content\/uploads\/2025\/03\/Book-2-768x576.jpeg 768w, https:\/\/www.themapofmeaning.org\/wp-content\/uploads\/2025\/03\/Book-2-1536x1152.jpeg 1536w, https:\/\/www.themapofmeaning.org\/wp-content\/uploads\/2025\/03\/Book-2-16x12.jpeg 16w\" sizes=\"(max-width: 1024px) 100vw, 1024px\"><div class=\"bde-div-436-107-3362-436-1 bde-div bde-div-436-107\">\n  \n  \n\t\n\n\n\n<h4 class=\"bde-heading-436-104-3362-436-1 bde-heading bde-heading-436-104\">\nPraticien avanc\u00e9\n<\/h4>\n<\/div>\n\n<\/a>\n<\/div>    <\/article>\n    <article class=\"bde-loop-item ee-post\">\n        <div class=\"bde-div-436-100-3385-436-1 bde-div bde-div-436-100\">\n  \n  \n\t\n\n\n\n<a class=\"bde-container-link-436-106-3385-436-1 bde-container-link bde-container-link-436-106 breakdance-link\" href=\"https:\/\/www.themapofmeaning.org\/fr\/course\/certification-pathway-program\/\" target=\"_self\" data-type=\"url\">\n  \n  \n\t\n\n\n\n<img decoding=\"async\" class=\"bde-image2-436-101-3385-436-1 bde-image2 bde-image2-436-101\" src=\"https:\/\/www.themapofmeaning.org\/wp-content\/uploads\/2025\/03\/stairs-up-Italy-768x1024.jpeg\" loading=\"lazy\" srcset=\"https:\/\/www.themapofmeaning.org\/wp-content\/uploads\/2025\/03\/stairs-up-Italy-768x1024.jpeg 768w, https:\/\/www.themapofmeaning.org\/wp-content\/uploads\/2025\/03\/stairs-up-Italy-225x300.jpeg 225w, https:\/\/www.themapofmeaning.org\/wp-content\/uploads\/2025\/03\/stairs-up-Italy-1152x1536.jpeg 1152w, https:\/\/www.themapofmeaning.org\/wp-content\/uploads\/2025\/03\/stairs-up-Italy-9x12.jpeg 9w\" sizes=\"(max-width: 768px) 100vw, 768px\"><div class=\"bde-div-436-107-3385-436-1 bde-div bde-div-436-107\">\n  \n  \n\t\n\n\n\n<h4 class=\"bde-heading-436-104-3385-436-1 bde-heading bde-heading-436-104\">\nProgramme de certification\n<\/h4>\n<\/div>\n\n<\/a>\n<\/div>    <\/article>\n    <article class=\"bde-loop-item ee-post\">\n        <div class=\"bde-div-436-100-3236-436-1 bde-div bde-div-436-100\">\n  \n  \n\t\n\n\n\n<a class=\"bde-container-link-436-106-3236-436-1 bde-container-link bde-container-link-436-106 breakdance-link\" href=\"https:\/\/www.themapofmeaning.org\/fr\/course\/discover-the-map-of-meaning\/\" target=\"_self\" data-type=\"url\">\n  \n  \n\t\n\n\n\n<img decoding=\"async\" class=\"bde-image2-436-101-3236-436-1 bde-image2 bde-image2-436-101\" src=\"https:\/\/www.themapofmeaning.org\/wp-content\/uploads\/2025\/12\/Photo-for-Testimonial-section-of-website-1024x768.jpg\" alt=\"Photo for Testimonial section of website\" loading=\"lazy\" srcset=\"https:\/\/www.themapofmeaning.org\/wp-content\/uploads\/2025\/12\/Photo-for-Testimonial-section-of-website-1024x768.jpg 1024w, https:\/\/www.themapofmeaning.org\/wp-content\/uploads\/2025\/12\/Photo-for-Testimonial-section-of-website-300x225.jpg 300w, https:\/\/www.themapofmeaning.org\/wp-content\/uploads\/2025\/12\/Photo-for-Testimonial-section-of-website-768x576.jpg 768w, https:\/\/www.themapofmeaning.org\/wp-content\/uploads\/2025\/12\/Photo-for-Testimonial-section-of-website-1536x1152.jpg 1536w, https:\/\/www.themapofmeaning.org\/wp-content\/uploads\/2025\/12\/Photo-for-Testimonial-section-of-website-16x12.jpg 16w\" sizes=\"(max-width: 1024px) 100vw, 1024px\"><div class=\"bde-div-436-107-3236-436-1 bde-div bde-div-436-107\">\n  \n  \n\t\n\n\n\n<h4 class=\"bde-heading-436-104-3236-436-1 bde-heading bde-heading-436-104\">\nD\u00e9couvrir la carte du sens\n<\/h4>\n<\/div>\n\n<\/a>\n<\/div>    <\/article>\n    <article class=\"bde-loop-item ee-post\">\n        <div class=\"bde-div-436-100-3348-436-1 bde-div bde-div-436-100\">\n  \n  \n\t\n\n\n\n<a class=\"bde-container-link-436-106-3348-436-1 bde-container-link bde-container-link-436-106 breakdance-link\" href=\"https:\/\/www.themapofmeaning.org\/fr\/course\/create-your-own-map-of-meaning\/\" target=\"_self\" data-type=\"url\">\n  \n  \n\t\n\n\n\n<img decoding=\"async\" class=\"bde-image2-436-101-3348-436-1 bde-image2 bde-image2-436-101\" src=\"https:\/\/www.themapofmeaning.org\/wp-content\/uploads\/2025\/12\/coffee-and-diaries-2-1024x768.jpeg\" alt=\"Coffee and diaries\" loading=\"lazy\" srcset=\"https:\/\/www.themapofmeaning.org\/wp-content\/uploads\/2025\/12\/coffee-and-diaries-2-1024x768.jpeg 1024w, https:\/\/www.themapofmeaning.org\/wp-content\/uploads\/2025\/12\/coffee-and-diaries-2-300x225.jpeg 300w, https:\/\/www.themapofmeaning.org\/wp-content\/uploads\/2025\/12\/coffee-and-diaries-2-768x576.jpeg 768w, https:\/\/www.themapofmeaning.org\/wp-content\/uploads\/2025\/12\/coffee-and-diaries-2-1536x1152.jpeg 1536w, https:\/\/www.themapofmeaning.org\/wp-content\/uploads\/2025\/12\/coffee-and-diaries-2-16x12.jpeg 16w\" sizes=\"(max-width: 1024px) 100vw, 1024px\"><div class=\"bde-div-436-107-3348-436-1 bde-div bde-div-436-107\">\n  \n  \n\t\n\n\n\n<h4 class=\"bde-heading-436-104-3348-436-1 bde-heading bde-heading-436-104\">\nCr\u00e9ez votre propre carte du sens\n<\/h4>\n<\/div>\n\n<\/a>\n<\/div>    <\/article>\n    <article class=\"bde-loop-item ee-post\">\n        <div class=\"bde-div-436-100-3344-436-1 bde-div bde-div-436-100\">\n  \n  \n\t\n\n\n\n<a class=\"bde-container-link-436-106-3344-436-1 bde-container-link bde-container-link-436-106 breakdance-link\" href=\"https:\/\/www.themapofmeaning.org\/fr\/course\/finding-your-way\/\" target=\"_self\" data-type=\"url\">\n  \n  \n\t\n\n\n\n<img decoding=\"async\" class=\"bde-image2-436-101-3344-436-1 bde-image2 bde-image2-436-101\" src=\"https:\/\/www.themapofmeaning.org\/wp-content\/uploads\/2026\/01\/curated-lifestyle-PQ8lOFqMZWQ-unsplash-1-1024x790.jpg\" alt=\"Curated lifestyle PQ8lOFqMZWQ unsplash (1)\" loading=\"lazy\" srcset=\"https:\/\/www.themapofmeaning.org\/wp-content\/uploads\/2026\/01\/curated-lifestyle-PQ8lOFqMZWQ-unsplash-1-1024x790.jpg 1024w, https:\/\/www.themapofmeaning.org\/wp-content\/uploads\/2026\/01\/curated-lifestyle-PQ8lOFqMZWQ-unsplash-1-300x231.jpg 300w, https:\/\/www.themapofmeaning.org\/wp-content\/uploads\/2026\/01\/curated-lifestyle-PQ8lOFqMZWQ-unsplash-1-768x592.jpg 768w, https:\/\/www.themapofmeaning.org\/wp-content\/uploads\/2026\/01\/curated-lifestyle-PQ8lOFqMZWQ-unsplash-1-1536x1185.jpg 1536w, https:\/\/www.themapofmeaning.org\/wp-content\/uploads\/2026\/01\/curated-lifestyle-PQ8lOFqMZWQ-unsplash-1-16x12.jpg 16w\" sizes=\"(max-width: 1024px) 100vw, 1024px\"><div class=\"bde-div-436-107-3344-436-1 bde-div bde-div-436-107\">\n  \n  \n\t\n\n\n\n<h4 class=\"bde-heading-436-104-3344-436-1 bde-heading bde-heading-436-104\">\nCr\u00e9er une retraite qui a du sens\n<\/h4>\n<\/div>\n\n<\/a>\n<\/div>    <\/article>\n    <article class=\"bde-loop-item ee-post\">\n        <div class=\"bde-div-436-100-3405-436-1 bde-div bde-div-436-100\">\n  \n  \n\t\n\n\n\n<a class=\"bde-container-link-436-106-3405-436-1 bde-container-link bde-container-link-436-106 breakdance-link\" href=\"https:\/\/www.themapofmeaning.org\/fr\/course\/create-more-fulfillment-at-work\/\" target=\"_self\" data-type=\"url\">\n  \n  \n\t\n\n\n\n<img decoding=\"async\" class=\"bde-image2-436-101-3405-436-1 bde-image2 bde-image2-436-101\" src=\"https:\/\/www.themapofmeaning.org\/wp-content\/uploads\/2026\/01\/AdobeStock_1870655832-1024x574.jpeg\" alt=\"Holding a box with a message about making changes in life\" loading=\"lazy\" srcset=\"https:\/\/www.themapofmeaning.org\/wp-content\/uploads\/2026\/01\/AdobeStock_1870655832-1024x574.jpeg 1024w, https:\/\/www.themapofmeaning.org\/wp-content\/uploads\/2026\/01\/AdobeStock_1870655832-300x168.jpeg 300w, https:\/\/www.themapofmeaning.org\/wp-content\/uploads\/2026\/01\/AdobeStock_1870655832-768x430.jpeg 768w, https:\/\/www.themapofmeaning.org\/wp-content\/uploads\/2026\/01\/AdobeStock_1870655832-1536x861.jpeg 1536w, https:\/\/www.themapofmeaning.org\/wp-content\/uploads\/2026\/01\/AdobeStock_1870655832-18x10.jpeg 18w\" sizes=\"(max-width: 1024px) 100vw, 1024px\"><div class=\"bde-div-436-107-3405-436-1 bde-div bde-div-436-107\">\n  \n  \n\t\n\n\n\n<h4 class=\"bde-heading-436-104-3405-436-1 bde-heading bde-heading-436-104\">\nStimulez votre \u00e9panouissement au travail.\n<\/h4>\n<\/div>\n\n<\/a>\n<\/div>    <\/article>\n<\/div>\r\n<\/div><div class=\"bde-button-573-112 bde-button\">\n    \n                                    \n    \n    \n    \n    \n            \n                    \n            \n            \n\n    \n    \n    \n    \n    \n    <a class=\"breakdance-link button-atom button-atom--primary bde-button__button\" href=\"https:\/\/www.themapofmeaning.org\/wp-content\/uploads\/2026\/03\/MOMI-Template-8.pdf\" target=\"_self\" data-type=\"url\"  >\n\n    \n        <span class=\"button-atom__text\">Formation des praticiens PDF<\/span>\n\n        \n        \n                <\/a>\n\n    \n\n\n<\/div><div class=\"bde-button-573-115 bde-button\">\n    \n                                    \n    \n    \n    \n    \n            \n                    \n            \n            \n\n    \n    \n    \n    \n    \n    <a class=\"breakdance-link button-atom button-atom--primary bde-button__button\" href=\"https:\/\/www.themapofmeaning.org\/wp-content\/uploads\/2025\/11\/MOMI-Template-8.pdf\" target=\"_self\" data-type=\"url\"  >\n\n    \n        <span class=\"button-atom__text\">Comment devenir certifi\u00e9 PDF<\/span>\n\n        \n        \n                <\/a>\n\n    \n\n\n<\/div>\n<\/div>\n<\/div><\/div><\/div>\n<\/section>","protected":false},"excerpt":{"rendered":"<p>Become a Practitioner of the Map of Meaning\u00ae I knew from my experience of working with the Map of Meaning\u00ae that of all the tools, interventions and frameworks I\u2019ve used, this is one that consistently adds value to whatever I\u2019m doing. It always works. It always has an impact and engages everybody. It has rigour, [&hellip;]<\/p>","protected":false},"author":2,"featured_media":934,"parent":0,"menu_order":13,"comment_status":"closed","ping_status":"closed","template":"","meta":{"_acf_changed":false,"slim_seo":{"title":"Formation des praticiens - La carte du sens, un travail et une vie pleins de sens","description":"Become a Practitioner of the Map of Meaning\u00ae I knew from my experience of working with the Map of Meaning\u00ae that of all the tools, interventions and frameworks I"},"_breakdance_hide_in_design_set":false,"_breakdance_tags":"","footnotes":""},"class_list":["post-573","page","type-page","status-publish","has-post-thumbnail","hentry"],"acf":[],"_links":{"self":[{"href":"https:\/\/www.themapofmeaning.org\/fr\/wp-json\/wp\/v2\/pages\/573","targetHints":{"allow":["GET"]}}],"collection":[{"href":"https:\/\/www.themapofmeaning.org\/fr\/wp-json\/wp\/v2\/pages"}],"about":[{"href":"https:\/\/www.themapofmeaning.org\/fr\/wp-json\/wp\/v2\/types\/page"}],"author":[{"embeddable":true,"href":"https:\/\/www.themapofmeaning.org\/fr\/wp-json\/wp\/v2\/users\/2"}],"replies":[{"embeddable":true,"href":"https:\/\/www.themapofmeaning.org\/fr\/wp-json\/wp\/v2\/comments?post=573"}],"version-history":[{"count":6,"href":"https:\/\/www.themapofmeaning.org\/fr\/wp-json\/wp\/v2\/pages\/573\/revisions"}],"predecessor-version":[{"id":3595,"href":"https:\/\/www.themapofmeaning.org\/fr\/wp-json\/wp\/v2\/pages\/573\/revisions\/3595"}],"wp:featuredmedia":[{"embeddable":true,"href":"https:\/\/www.themapofmeaning.org\/fr\/wp-json\/wp\/v2\/media\/934"}],"wp:attachment":[{"href":"https:\/\/www.themapofmeaning.org\/fr\/wp-json\/wp\/v2\/media?parent=573"}],"curies":[{"name":"wp","href":"https:\/\/api.w.org\/{rel}","templated":true}]}}