{"id":424,"date":"2024-12-09T15:05:52","date_gmt":"2024-12-09T02:05:52","guid":{"rendered":"https:\/\/www.themapofmeaning.org\/?page_id=424"},"modified":"2025-07-09T20:35:54","modified_gmt":"2025-07-09T08:35:54","slug":"resources","status":"publish","type":"page","link":"https:\/\/www.themapofmeaning.org\/fr\/resources\/","title":{"rendered":"Ressources"},"content":{"rendered":"<p><strong>Achetez le livre<\/strong><\/p>\n\n\n\n<p>Cliquez sur&nbsp;<a href=\"https:\/\/www.themapofmeaning.org\/fr\/resources\/buy-the-book\/\">ici&nbsp;<\/a>pour acheter la carte du travail utile<\/p>\n\n\n\n<p><strong>Expos\u00e9s et vid\u00e9os<\/strong><\/p>\n\n\n\n<p>Cliquez sur&nbsp;<a href=\"https:\/\/www.themapofmeaning.org\/fr\/resources\/media\/\">ici&nbsp;<\/a>pour les communiqu\u00e9s de presse ainsi que les articles et les critiques de notre travail dans la litt\u00e9rature populaire.&nbsp;<\/p>\n\n\n\n<p><strong>Articles acad\u00e9miques<\/strong><\/p>\n\n\n\n<p>Nos travaux s'appuient sur de solides recherches universitaires \u00e9valu\u00e9es par des pairs. Cliquez sur&nbsp;<a href=\"https:\/\/www.themapofmeaning.org\/fr\/resources\/academic-articles\/\">ici&nbsp;<\/a>pour trouver des publications universitaires.<\/p>\n\n\n\n<p><strong>Bulletins d'information<\/strong><\/p>\n\n\n\n<p>Cliquez sur&nbsp;<a href=\"https:\/\/www.themapofmeaning.org\/fr\/resources\/newsletters\/\">ici<\/a>&nbsp;pour les bulletins d'information<\/p>\n\n\n\n<p><strong>Livres et lecture<\/strong><\/p>\n\n\n\n<p>Cliquez sur&nbsp;<a href=\"https:\/\/www.themapofmeaning.org\/fr\/resources\/recommended-books\/\">ici<\/a>&nbsp;\u00e0 notre liste de lectures recommand\u00e9es.<\/p>\n\n\n\n<p><strong>Copie de la carte<\/strong><\/p>\n\n\n\n<p>Une version imprimable de la carte est\u00a0<a href=\"https:\/\/www.themapofmeaning.org\/wp-content\/uploads\/2025\/07\/the-map-of-meaning-for-download-2023-2.pdf\">ici<\/a>.<\/p>","protected":false},"excerpt":{"rendered":"<p>Acheter le livre Cliquez ici pour acheter Map of Meaningful Work Talks &amp; Videos Cliquez ici pour acc\u00e9der aux communiqu\u00e9s de presse ainsi qu'aux articles et critiques de notre travail dans la litt\u00e9rature populaire.  Articles acad\u00e9miques Notre travail est soutenu par de solides recherches acad\u00e9miques \u00e9valu\u00e9es par des pairs. Cliquez ici pour trouver des publications acad\u00e9miques. Bulletins d'information Cliquez ici pour consulter les bulletins d'information Livres et lectures Cliquez ici pour consulter notre liste de lectures recommand\u00e9es. [...]<\/p>","protected":false},"author":2,"featured_media":292,"parent":0,"menu_order":16,"comment_status":"closed","ping_status":"closed","template":"","meta":{"_acf_changed":false,"slim_seo":{"title":"Ressources - La carte du sens, un travail et une vie qui ont du sens","description":"Acheter le livre Cliquez ici pour acheter Map of Meaningful Work Talks &amp; Videos Cliquez ici pour les communiqu\u00e9s de presse ainsi que les articles et les critiques o"},"_breakdance_hide_in_design_set":false,"_breakdance_tags":"","footnotes":""},"class_list":["post-424","page","type-page","status-publish","has-post-thumbnail","hentry"],"acf":[],"_links":{"self":[{"href":"https:\/\/www.themapofmeaning.org\/fr\/wp-json\/wp\/v2\/pages\/424","targetHints":{"allow":["GET"]}}],"collection":[{"href":"https:\/\/www.themapofmeaning.org\/fr\/wp-json\/wp\/v2\/pages"}],"about":[{"href":"https:\/\/www.themapofmeaning.org\/fr\/wp-json\/wp\/v2\/types\/page"}],"author":[{"embeddable":true,"href":"https:\/\/www.themapofmeaning.org\/fr\/wp-json\/wp\/v2\/users\/2"}],"replies":[{"embeddable":true,"href":"https:\/\/www.themapofmeaning.org\/fr\/wp-json\/wp\/v2\/comments?post=424"}],"version-history":[{"count":1,"href":"https:\/\/www.themapofmeaning.org\/fr\/wp-json\/wp\/v2\/pages\/424\/revisions"}],"predecessor-version":[{"id":2974,"href":"https:\/\/www.themapofmeaning.org\/fr\/wp-json\/wp\/v2\/pages\/424\/revisions\/2974"}],"wp:featuredmedia":[{"embeddable":true,"href":"https:\/\/www.themapofmeaning.org\/fr\/wp-json\/wp\/v2\/media\/292"}],"wp:attachment":[{"href":"https:\/\/www.themapofmeaning.org\/fr\/wp-json\/wp\/v2\/media?parent=424"}],"curies":[{"name":"wp","href":"https:\/\/api.w.org\/{rel}","templated":true}]}}