{"id":3486,"date":"2026-02-16T16:53:25","date_gmt":"2026-02-16T03:53:25","guid":{"rendered":"https:\/\/www.themapofmeaning.org\/?page_id=3486"},"modified":"2026-02-18T13:08:01","modified_gmt":"2026-02-18T00:08:01","slug":"map-downloads","status":"publish","type":"page","link":"https:\/\/www.themapofmeaning.org\/fr\/map-downloads\/","title":{"rendered":"T\u00e9l\u00e9chargement de cartes"},"content":{"rendered":"<section class=\"bde-section-3486-100 bde-section cont-sec\">\n  \n  \n\t\n\n\n\n        <div class=\"section-shape-divider-wrapper section-shape-divider-wrapper--1\">\n          <span class=\"section-shape-divider\">\n                      <svg\n                xmlns=\"http:\/\/www.w3.org\/2000\/svg\"\n                viewbox=\"0 0 1440 320\"\n                preserveaspectratio=\"none\"\n            >\n              \n            <\/svg>\n                    <\/span>\n      <\/div>\n  <div class=\"section-container\"><h1 class=\"bde-heading-3486-102 bde-heading\">\n<br>T\u00e9l\u00e9chargement de cartes\n<\/h1><div class=\"bde-text-3486-103 bde-text\">\n<br><br>Une copie de la Carte du Sens\u00ae compl\u00e8te peut \u00eatre tr\u00e8s utile comme r\u00e9f\u00e9rence dans la vie de tous les jours et au travail. <br><br>Si vous d\u00e9cidez de suivre notre programme de cours, vous acquerrez les connaissances et la confiance n\u00e9cessaires pour appliquer le cadre cartographique aux probl\u00e8mes et circonstances de la vie quotidienne. <br><br>Une version vierge de la carte est tr\u00e8s utile dans ces moments-l\u00e0, ainsi que lorsque vous participez \u00e0 nos cours - ou si vous \u00e9tudiez la carte dans le cadre d'une universit\u00e9 ou d'un programme de d\u00e9veloppement.<br><br>\n<\/div><div class=\"bde-button-3486-104 bde-button\">\n    \n                                    \n    \n    \n    \n    \n            \n                    \n            \n            \n\n    \n    \n    \n    \n    \n    <a class=\"breakdance-link button-atom button-atom--primary bde-button__button\" href=\"https:\/\/www.themapofmeaning.org\/wp-content\/uploads\/2026\/02\/Complete-Map-1.pdf\" target=\"_blank\" data-type=\"url\"  >\n\n    \n        <span class=\"button-atom__text\">Carte des significations compl\u00e8te<\/span>\n\n        \n        \n                <\/a>\n\n    \n\n\n<\/div><div class=\"bde-button-3486-105 bde-button\">\n    \n                                    \n    \n    \n    \n    \n            \n                    \n            \n            \n\n    \n    \n    \n    \n    \n    <a class=\"breakdance-link button-atom button-atom--primary bde-button__button\" href=\"https:\/\/www.themapofmeaning.org\/wp-content\/uploads\/2026\/02\/Coloured-Text-Free-MOM.png\" target=\"_blank\" data-type=\"url\"  >\n\n    \n        <span class=\"button-atom__text\">Carte sans texte<\/span>\n\n        \n        \n                <\/a>\n\n    \n\n\n<\/div><div class=\"bde-button-3486-106 bde-button\">\n    \n                                    \n    \n    \n    \n    \n            \n                    \n            \n            \n\n    \n    \n    \n    \n    \n    <a class=\"breakdance-link button-atom button-atom--primary bde-button__button\" href=\"https:\/\/www.themapofmeaning.org\/wp-content\/uploads\/2026\/02\/Line-MAP_OF_MEANING_GRAPHIC_V4-24-1.png\" target=\"_blank\" data-type=\"url\"  >\n\n    \n        <span class=\"button-atom__text\">Carte lin\u00e9aire sans texte <\/span>\n\n        \n        \n                <\/a>\n\n    \n\n\n<\/div><\/div>\n<\/section>","protected":false},"excerpt":{"rendered":"<p>T\u00e9l\u00e9chargement de la carte Une copie de la Carte du Sens\u00ae compl\u00e8te peut s'av\u00e9rer tr\u00e8s utile comme r\u00e9f\u00e9rence dans la vie quotidienne et au travail. Si vous d\u00e9cidez de suivre notre programme de cours, vous acquerrez les connaissances et la confiance n\u00e9cessaires pour appliquer le cadre de la Carte aux probl\u00e8mes et circonstances de la vie quotidienne. Une version vierge de la Carte [...]<\/p>","protected":false},"author":6,"featured_media":3487,"parent":0,"menu_order":23,"comment_status":"closed","ping_status":"closed","template":"","meta":{"_acf_changed":false,"slim_seo":{"title":"T\u00e9l\u00e9chargements de cartes - La carte du sens, un travail et une vie qui ont du sens","description":"T\u00e9l\u00e9chargement de la carte Une copie de la Carte du Sens\u00ae compl\u00e8te peut s'av\u00e9rer tr\u00e8s utile comme r\u00e9f\u00e9rence dans la vie quotidienne et au travail. Si vous choisissez de suivre notre cours"},"_breakdance_hide_in_design_set":false,"_breakdance_tags":"","footnotes":""},"class_list":["post-3486","page","type-page","status-publish","has-post-thumbnail","hentry"],"acf":[],"_links":{"self":[{"href":"https:\/\/www.themapofmeaning.org\/fr\/wp-json\/wp\/v2\/pages\/3486","targetHints":{"allow":["GET"]}}],"collection":[{"href":"https:\/\/www.themapofmeaning.org\/fr\/wp-json\/wp\/v2\/pages"}],"about":[{"href":"https:\/\/www.themapofmeaning.org\/fr\/wp-json\/wp\/v2\/types\/page"}],"author":[{"embeddable":true,"href":"https:\/\/www.themapofmeaning.org\/fr\/wp-json\/wp\/v2\/users\/6"}],"replies":[{"embeddable":true,"href":"https:\/\/www.themapofmeaning.org\/fr\/wp-json\/wp\/v2\/comments?post=3486"}],"version-history":[{"count":6,"href":"https:\/\/www.themapofmeaning.org\/fr\/wp-json\/wp\/v2\/pages\/3486\/revisions"}],"predecessor-version":[{"id":3515,"href":"https:\/\/www.themapofmeaning.org\/fr\/wp-json\/wp\/v2\/pages\/3486\/revisions\/3515"}],"wp:featuredmedia":[{"embeddable":true,"href":"https:\/\/www.themapofmeaning.org\/fr\/wp-json\/wp\/v2\/media\/3487"}],"wp:attachment":[{"href":"https:\/\/www.themapofmeaning.org\/fr\/wp-json\/wp\/v2\/media?parent=3486"}],"curies":[{"name":"wp","href":"https:\/\/api.w.org\/{rel}","templated":true}]}}