{"id":2277,"date":"2025-04-01T12:45:37","date_gmt":"2025-03-31T23:45:37","guid":{"rendered":"https:\/\/www.themapofmeaning.org\/?page_id=2277"},"modified":"2026-03-09T10:44:27","modified_gmt":"2026-03-08T21:44:27","slug":"media","status":"publish","type":"page","link":"https:\/\/www.themapofmeaning.org\/fr\/media\/","title":{"rendered":"Vid\u00e9os"},"content":{"rendered":"<section class=\"bde-section-2277-100 bde-section cont-sec\">\n  \n  \n\t\n\n\n\n<div class=\"section-container\"><h1 class=\"bde-heading-2277-101 bde-heading\">\nVid\u00e9os\n<\/h1><div class=\"bde-div-2277-102 bde-div\">\n  \n  \n\t\n\n\n\n<div class=\"bde-text-2277-103 bde-text\">\nCette s\u00e9lection de vid\u00e9os vous permettra de mieux comprendre comment construire et maintenir une vie et un lieu de travail riches de sens.\n<\/div><div class=\"bde-button-2277-104 bde-button\">\n    \n                        \n                        \n    \n    \n    \n    \n            \n                    \n                  \n    \n            \n\n          \n          \n    \n    \n    \n    \n    <a class=\"breakdance-link button-atom button-atom--primary bde-button__button\" href=\"https:\/\/player.vimeo.com\/video\/844070549?dnt=1&amp;app_id=122963\" target=\"_self\" data-type=\"lightbox\"  data-lightbox-id=\"2277-104\" >\n\n    \n        <span class=\"button-atom__text\">Pourquoi vous avez besoin d'un but ET d'un sens<\/span>\n\n        \n        \n                <\/a>\n\n    \n\n\n<\/div>\n<\/div><div class=\"bde-div-2277-105 bde-div\">\n  \n  \n\t\n\n\n\n<div class=\"bde-button-2277-106 bde-button\">\n    \n                        \n                        \n    \n    \n    \n    \n            \n                    \n                  \n    \n            \n\n          \n          \n    \n    \n    \n    \n    <a class=\"breakdance-link button-atom button-atom--primary bde-button__button\" href=\"https:\/\/www.youtube.com\/embed\/0ZFPmR06jgk?feature=oembed\" target=\"_self\" data-type=\"lightbox\"  data-lightbox-id=\"2277-106\" >\n\n    \n        <span class=\"button-atom__text\">Conf\u00e9rence Ted : Donner un sens \u00e0 sa vie, Lani Morris<\/span>\n\n        \n        \n                <\/a>\n\n    \n\n\n<\/div>\n<\/div><div class=\"bde-div-2277-108 bde-div\">\n  \n  \n\t\n\n\n\n<div class=\"bde-button-2277-109 bde-button\">\n    \n                        \n                        \n    \n    \n    \n    \n            \n                    \n                  \n    \n            \n\n          \n          \n    \n    \n    \n    \n    <a class=\"breakdance-link button-atom button-atom--primary bde-button__button\" href=\"https:\/\/www.youtube.com\/embed\/xg9ckNIE2O0?start=97&feature=oembed\" target=\"_self\" data-type=\"lightbox\"  data-lightbox-id=\"2277-109\" >\n\n    \n        <span class=\"button-atom__text\">La lutte pour le sens : Marjolein Lips-Wiersma \u00e0 la conf\u00e9rence sur le sens \u00e0 Brighton 2018<\/span>\n\n        \n        \n                <\/a>\n\n    \n\n\n<\/div>\n<\/div><div class=\"bde-div-2277-110 bde-div\">\n  \n  \n\t\n\n\n\n<div class=\"bde-button-2277-111 bde-button\">\n    \n                        \n                        \n    \n    \n    \n    \n            \n                    \n                  \n    \n            \n\n          \n          \n    \n    \n    \n    \n    <a class=\"breakdance-link button-atom button-atom--primary bde-button__button\" href=\"https:\/\/www.youtube.com\/embed\/zNliaH7KDi4?feature=oembed\" target=\"_self\" data-type=\"lightbox\"  data-lightbox-id=\"2277-111\" >\n\n    \n        <span class=\"button-atom__text\">La carte du sens : Lani Morris \u00e0 la Conf\u00e9rence sur le sens \u00e0 Brighton 2018<\/span>\n\n        \n        \n                <\/a>\n\n    \n\n\n<\/div>\n<\/div><div class=\"bde-div-2277-112 bde-div\">\n  \n  \n\t\n\n\n\n<div class=\"bde-button-2277-113 bde-button\">\n    \n                        \n                        \n    \n    \n    \n    \n            \n                    \n                  \n    \n            \n\n          \n          \n    \n    \n    \n    \n    <a class=\"breakdance-link button-atom button-atom--primary bde-button__button\" href=\"https:\/\/www.youtube.com\/embed\/CUSZaquJBWE?feature=oembed\" target=\"_self\" data-type=\"lightbox\"  data-lightbox-id=\"2277-113\" >\n\n    \n        <span class=\"button-atom__text\">Un travail qui a du sens : Marjolein Lips-Wiersma \u00e0 TEDxInnsbruck<\/span>\n\n        \n        \n                <\/a>\n\n    \n\n\n<\/div>\n<\/div><div class=\"bde-div-2277-114 bde-div\">\n  \n  \n\t\n\n\n\n<div class=\"bde-button-2277-115 bde-button\">\n    \n                        \n                        \n    \n    \n    \n    \n            \n                    \n                  \n    \n            \n\n          \n          \n    \n    \n    \n    \n    <a class=\"breakdance-link button-atom button-atom--primary bde-button__button\" href=\"https:\/\/www.youtube.com\/embed\/fAr4DMeMwAI?feature=oembed\" target=\"_self\" data-type=\"lightbox\"  data-lightbox-id=\"2277-115\" >\n\n    \n        <span class=\"button-atom__text\">Le professeur Marjolein Lips-Wiersma parle de ses recherches et de la carte du sens. Premi\u00e8re partie<\/span>\n\n        \n        \n                <\/a>\n\n    \n\n\n<\/div>\n<\/div><div class=\"bde-div-2277-116 bde-div\">\n  \n  \n\t\n\n\n\n<div class=\"bde-button-2277-117 bde-button\">\n    \n                        \n                        \n    \n    \n    \n    \n            \n                    \n                  \n    \n            \n\n          \n          \n    \n    \n    \n    \n    <a class=\"breakdance-link button-atom button-atom--primary bde-button__button\" href=\"https:\/\/www.youtube.com\/embed\/h6lPib-E4z0?feature=oembed\" target=\"_self\" data-type=\"lightbox\"  data-lightbox-id=\"2277-117\" >\n\n    \n        <span class=\"button-atom__text\">Le professeur Marjolein Lips-Wiersma parle des recherches qui ont conduit \u00e0 la cr\u00e9ation de la carte du sens. Deuxi\u00e8me partie<\/span>\n\n        \n        \n                <\/a>\n\n    \n\n\n<\/div>\n<\/div><div class=\"bde-div-2277-118 bde-div\">\n  \n  \n\t\n\n\n\n<div class=\"bde-button-2277-119 bde-button\">\n    \n                        \n                        \n    \n    \n    \n    \n            \n                    \n                  \n    \n            \n\n          \n          \n    \n    \n    \n    \n    <a class=\"breakdance-link button-atom button-atom--primary bde-button__button\" href=\"https:\/\/www.youtube.com\/embed\/RmiqP7v2xe8?start=5&feature=oembed\" target=\"_self\" data-type=\"lightbox\"  data-lightbox-id=\"2277-119\" >\n\n    \n        <span class=\"button-atom__text\">La carte du sens\u00ae pour le CEOS<\/span>\n\n        \n        \n                <\/a>\n\n    \n\n\n<\/div>\n<\/div><div class=\"bde-div-2277-120 bde-div\">\n  \n  \n\t\n\n\n\n<div class=\"bde-button-2277-121 bde-button\">\n    \n                        \n                        \n    \n    \n    \n    \n            \n                    \n                  \n    \n            \n\n          \n          \n    \n    \n    \n    \n    <a class=\"breakdance-link button-atom button-atom--primary bde-button__button\" href=\"https:\/\/www.youtube.com\/embed\/psRNAOL-SEg?feature=oembed\" target=\"_self\" data-type=\"lightbox\"  data-lightbox-id=\"2277-121\" >\n\n    \n        <span class=\"button-atom__text\">Webinaire Un sens dans un monde instable <\/span>\n\n        \n        \n                <\/a>\n\n    \n\n\n<\/div>\n<\/div><div class=\"bde-div-2277-122 bde-div\">\n  \n  \n\t\n\n\n\n<div class=\"bde-button-2277-123 bde-button\">\n    \n                        \n                        \n    \n    \n    \n    \n            \n                    \n                  \n    \n            \n\n          \n          \n    \n    \n    \n    \n    <a class=\"breakdance-link button-atom button-atom--primary bde-button__button\" href=\"https:\/\/www.youtube.com\/embed\/cEKiQM2Cgkc?feature=oembed\" target=\"_self\" data-type=\"lightbox\"  data-lightbox-id=\"2277-123\" >\n\n    \n        <span class=\"button-atom__text\">Webinar Deux Le sens dans un monde instable <\/span>\n\n        \n        \n                <\/a>\n\n    \n\n\n<\/div>\n<\/div><div class=\"bde-div-2277-124 bde-div\">\n  \n  \n\t\n\n\n\n<div class=\"bde-button-2277-125 bde-button\">\n    \n                        \n                        \n    \n    \n    \n    \n            \n                    \n                  \n    \n            \n\n          \n          \n    \n    \n    \n    \n    <a class=\"breakdance-link button-atom button-atom--primary bde-button__button\" href=\"https:\/\/www.youtube.com\/embed\/PYjx74hOn5U?start=12&feature=oembed\" target=\"_self\" data-type=\"lightbox\"  data-lightbox-id=\"2277-125\" >\n\n    \n        <span class=\"button-atom__text\">Webinar Trois sens dans un monde instable <\/span>\n\n        \n        \n                <\/a>\n\n    \n\n\n<\/div>\n<\/div><\/div>\n<\/section>","protected":false},"excerpt":{"rendered":"<p>Vid\u00e9os Cette s\u00e9lection de vid\u00e9os vous permettra de mieux comprendre comment construire et maintenir une vie et un lieu de travail riches de sens. Pourquoi vous avez besoin \u00e0 la fois d'un but ET d'un sens Ted Talk : Naviguer vers le sens de la vie, Lani Morris La lutte pour le sens : Marjolein Lips-Wiersma \u00e0 la conf\u00e9rence sur le sens \u00e0 Brighton 2018 La carte du sens : Lani Morris [...]<\/p>","protected":false},"author":2,"featured_media":2082,"parent":0,"menu_order":20,"comment_status":"closed","ping_status":"closed","template":"","meta":{"_acf_changed":false,"slim_seo":{"title":"Vid\u00e9os - La carte du sens, un travail et une vie qui ont du sens","description":"Vid\u00e9os Cette s\u00e9lection de vid\u00e9os vous permettra de mieux comprendre comment construire et maintenir une vie et un lieu de travail riches de sens. Pourquoi vous avez besoin \u00e0 la fois d'un objectif et d'un sens"},"_breakdance_hide_in_design_set":false,"_breakdance_tags":"","footnotes":""},"class_list":["post-2277","page","type-page","status-publish","has-post-thumbnail","hentry"],"acf":[],"_links":{"self":[{"href":"https:\/\/www.themapofmeaning.org\/fr\/wp-json\/wp\/v2\/pages\/2277","targetHints":{"allow":["GET"]}}],"collection":[{"href":"https:\/\/www.themapofmeaning.org\/fr\/wp-json\/wp\/v2\/pages"}],"about":[{"href":"https:\/\/www.themapofmeaning.org\/fr\/wp-json\/wp\/v2\/types\/page"}],"author":[{"embeddable":true,"href":"https:\/\/www.themapofmeaning.org\/fr\/wp-json\/wp\/v2\/users\/2"}],"replies":[{"embeddable":true,"href":"https:\/\/www.themapofmeaning.org\/fr\/wp-json\/wp\/v2\/comments?post=2277"}],"version-history":[{"count":6,"href":"https:\/\/www.themapofmeaning.org\/fr\/wp-json\/wp\/v2\/pages\/2277\/revisions"}],"predecessor-version":[{"id":3537,"href":"https:\/\/www.themapofmeaning.org\/fr\/wp-json\/wp\/v2\/pages\/2277\/revisions\/3537"}],"wp:featuredmedia":[{"embeddable":true,"href":"https:\/\/www.themapofmeaning.org\/fr\/wp-json\/wp\/v2\/media\/2082"}],"wp:attachment":[{"href":"https:\/\/www.themapofmeaning.org\/fr\/wp-json\/wp\/v2\/media?parent=2277"}],"curies":[{"name":"wp","href":"https:\/\/api.w.org\/{rel}","templated":true}]}}